{"id":1247,"date":"2024-08-05T22:12:21","date_gmt":"2024-08-05T20:12:21","guid":{"rendered":"https:\/\/tourderomandie.ch\/?page_id=1247"},"modified":"2026-01-28T13:12:53","modified_gmt":"2026-01-28T11:12:53","slug":"yellow-jersey-club","status":"publish","type":"page","link":"https:\/\/www.tourderomandie.ch\/en\/club-maillot-jaune\/","title":{"rendered":"Yellow Jersey Club"},"content":{"rendered":"<div data-elementor-type=\"wp-page\" data-elementor-id=\"1247\" class=\"elementor elementor-1247\" data-elementor-post-type=\"page\">\n\t\t\t\t<div class=\"elementor-element elementor-element-b2ce053 e-con-full e-flex e-con e-parent\" data-id=\"b2ce053\" data-element_type=\"container\" data-e-type=\"container\">\n\t\t\t\t<div class=\"elementor-element elementor-element-6b500bb elementor-widget elementor-widget-image\" data-id=\"6b500bb\" data-element_type=\"widget\" data-e-type=\"widget\" data-widget_type=\"image.default\">\n\t\t\t\t\t\t\t\t\t\t\t\t\t\t\t<img fetchpriority=\"high\" decoding=\"async\" width=\"1920\" height=\"910\" src=\"https:\/\/www.tourderomandie.ch\/wp-content\/uploads\/2024\/11\/25.04.2024_Etape_Fribourg_Salvan\u00a9giomm.ch-330-e1731581933635.jpg\" class=\"attachment-full size-full wp-image-4255\" alt=\"\" \/>\t\t\t\t\t\t\t\t\t\t\t\t\t\t\t<\/div>\n\t\t\t\t<\/div>\n\t\t<div class=\"elementor-element elementor-element-da3b16d e-flex e-con-boxed e-con e-parent\" data-id=\"da3b16d\" data-element_type=\"container\" data-e-type=\"container\" data-settings=\"{&quot;background_background&quot;:&quot;classic&quot;}\">\n\t\t\t\t\t<div class=\"e-con-inner\">\n\t\t<div class=\"elementor-element elementor-element-3f032ad e-con-full e-flex e-con e-child\" data-id=\"3f032ad\" data-element_type=\"container\" data-e-type=\"container\">\n\t\t\t\t<div class=\"elementor-element elementor-element-caca156 elementor-widget__width-initial elementor-widget elementor-widget-image\" data-id=\"caca156\" data-element_type=\"widget\" data-e-type=\"widget\" data-widget_type=\"image.default\">\n\t\t\t\t\t\t\t\t\t\t\t\t\t\t\t<img decoding=\"async\" width=\"500\" height=\"447\" src=\"https:\/\/www.tourderomandie.ch\/wp-content\/uploads\/2026\/01\/coureur2.png\" class=\"attachment-large size-large wp-image-9030\" alt=\"\" \/>\t\t\t\t\t\t\t\t\t\t\t\t\t\t\t<\/div>\n\t\t\t\t<div class=\"elementor-element elementor-element-5b3d3b7 elementor-widget__width-initial elementor-widget elementor-widget-image\" data-id=\"5b3d3b7\" data-element_type=\"widget\" data-e-type=\"widget\" data-widget_type=\"image.default\">\n\t\t\t\t\t\t\t\t\t\t\t\t\t\t\t<img decoding=\"async\" width=\"200\" height=\"163\" src=\"https:\/\/www.tourderomandie.ch\/wp-content\/uploads\/2026\/01\/trophee.png\" class=\"attachment-large size-large wp-image-9031\" alt=\"\" \/>\t\t\t\t\t\t\t\t\t\t\t\t\t\t\t<\/div>\n\t\t\t\t<\/div>\n\t\t\t\t<div class=\"elementor-element elementor-element-0fa9022 txt_gradient elementor-widget elementor-widget-heading\" data-id=\"0fa9022\" data-element_type=\"widget\" data-e-type=\"widget\" data-widget_type=\"heading.default\">\n\t\t\t\t\t<h1 class=\"elementor-heading-title elementor-size-default\">Yellow Jersey Club<\/h1>\t\t\t\t<\/div>\n\t\t\t\t<div class=\"elementor-element elementor-element-415f569 elementor-widget elementor-widget-text-editor\" data-id=\"415f569\" data-element_type=\"widget\" data-e-type=\"widget\" data-widget_type=\"text-editor.default\">\n\t\t\t\t\t\t\t\t\t<div class=\"wpb_text_column\"><div class=\"wpb_wrapper\"><p>The Tour de Romandie Foundation exists thanks to its cantonal partners and main sponsors. The goal of the Yellow Jersey Club (Club Maillot Jaune) is to enable companies and individuals to join the circle of the Tour de Romandie\u2019s partners and to do so under conditions that are accessible to all. Such a concept can rally sports fans around a big event and make the most of it to prolong the unifying effect of such an event thanks to activities and exchanges in various fields such as the economy, culture, tourism and society in general.<\/p><p>Consequently, the goal of the Yellow Jersey Club is to enable its members to build a real \u201cTour de Romandie Network\u201d with the possibility of facilitating interesting encounters, developing commercial relationships and creating synergies thanks to common interests, and sharing meaningful moments while cultivating friendships in a convivial atmosphere.<\/p><p>The Yellow Jersey Club is also an excellent way to support the Tour de Romandie, and promote cycling and sport in general, particularly for young people.<\/p><p>Do you want to give it a go? Come and join the members of the Yellow Jersey Club.<\/p><\/div><\/div><div class=\"w-btn-wrapper align_none\">\u00a0<\/div>\t\t\t\t\t\t\t\t<\/div>\n\t\t\t\t<div class=\"elementor-element elementor-element-52a7860 elementor-widget elementor-widget-button\" data-id=\"52a7860\" data-element_type=\"widget\" data-e-type=\"widget\" data-widget_type=\"button.default\">\n\t\t\t\t\t\t\t\t\t\t<a class=\"elementor-button elementor-button-link elementor-size-sm\" href=\"https:\/\/tourderomandie.ch\/wp-content\/uploads\/2024\/11\/CMJ_carton_inscription_digital.pdf\" target=\"_blank\">\n\t\t\t\t\t\t<span class=\"elementor-button-content-wrapper\">\n\t\t\t\t\t\t\t\t\t<span class=\"elementor-button-text\">Become a member of the Yellow Jersey Club<\/span>\n\t\t\t\t\t<\/span>\n\t\t\t\t\t<\/a>\n\t\t\t\t\t\t\t\t<\/div>\n\t\t\t\t\t<\/div>\n\t\t\t\t<\/div>\n\t\t\t\t<\/div>","protected":false},"excerpt":{"rendered":"<p>Club Maillot Jaune La Fondation du Tour de Romandie vit gr\u00e2ce \u00e0 ses partenaires cantonaux et \u00e0 ses sponsors principaux. L\u2019objectif du club Maillot Jaune est de permettre \u00e0 des entreprises ainsi qu\u2019\u00e0 des priv\u00e9s de rejoindre le cercle des partenaires du Tour de Romandie et ceci \u00e0 des conditions accessibles \u00e0 chacun. Un tel [&hellip;]<\/p>\n","protected":false},"author":1,"featured_media":4173,"parent":0,"menu_order":0,"comment_status":"closed","ping_status":"closed","template":"","meta":{"_acf_changed":false,"footnotes":""},"class_list":["post-1247","page","type-page","status-publish","has-post-thumbnail","hentry"],"acf":[],"yoast_head":"<!-- This site is optimized with the Yoast SEO plugin v27.4 - https:\/\/yoast.com\/product\/yoast-seo-wordpress\/ -->\n<title>Club Maillot Jaune - TdR<\/title>\n<meta name=\"description\" content=\"Le club Maillot Jaune permet \u00e0 des entreprises ainsi qu\u2019\u00e0 des priv\u00e9s de rejoindre le cercle des partenaires du Tour de Romandie\" \/>\n<meta name=\"robots\" content=\"index, follow, max-snippet:-1, max-image-preview:large, max-video-preview:-1\" \/>\n<link rel=\"canonical\" href=\"https:\/\/www.tourderomandie.ch\/en\/yellow-jersey-club\/\" \/>\n<meta property=\"og:locale\" content=\"en_US\" \/>\n<meta property=\"og:type\" content=\"article\" \/>\n<meta property=\"og:title\" content=\"Club Maillot Jaune - TdR\" \/>\n<meta property=\"og:description\" content=\"Le club Maillot Jaune permet \u00e0 des entreprises ainsi qu\u2019\u00e0 des priv\u00e9s de rejoindre le cercle des partenaires du Tour de Romandie\" \/>\n<meta property=\"og:url\" content=\"https:\/\/www.tourderomandie.ch\/en\/yellow-jersey-club\/\" \/>\n<meta property=\"og:site_name\" content=\"TdR\" \/>\n<meta property=\"article:publisher\" content=\"https:\/\/www.facebook.com\/tourderomandie\" \/>\n<meta property=\"article:modified_time\" content=\"2026-01-28T11:12:53+00:00\" \/>\n<meta property=\"og:image\" content=\"https:\/\/www.tourderomandie.ch\/wp-content\/uploads\/2024\/11\/Maillot-jaune-Marechal.png\" \/>\n\t<meta property=\"og:image:width\" content=\"600\" \/>\n\t<meta property=\"og:image:height\" content=\"600\" \/>\n\t<meta property=\"og:image:type\" content=\"image\/png\" \/>\n<meta name=\"twitter:card\" content=\"summary_large_image\" \/>\n<meta name=\"twitter:site\" content=\"@TourDeRomandie\" \/>\n<meta name=\"twitter:label1\" content=\"Est. reading time\" \/>\n\t<meta name=\"twitter:data1\" content=\"2 minutes\" \/>\n<script type=\"application\/ld+json\" class=\"yoast-schema-graph\">{\"@context\":\"https:\\\/\\\/schema.org\",\"@graph\":[{\"@type\":\"WebPage\",\"@id\":\"https:\\\/\\\/www.tourderomandie.ch\\\/en\\\/club-maillot-jaune\\\/\",\"url\":\"https:\\\/\\\/www.tourderomandie.ch\\\/en\\\/club-maillot-jaune\\\/\",\"name\":\"Club Maillot Jaune - TdR\",\"isPartOf\":{\"@id\":\"https:\\\/\\\/www.tourderomandie.ch\\\/#website\"},\"primaryImageOfPage\":{\"@id\":\"https:\\\/\\\/www.tourderomandie.ch\\\/en\\\/club-maillot-jaune\\\/#primaryimage\"},\"image\":{\"@id\":\"https:\\\/\\\/www.tourderomandie.ch\\\/en\\\/club-maillot-jaune\\\/#primaryimage\"},\"thumbnailUrl\":\"https:\\\/\\\/www.tourderomandie.ch\\\/wp-content\\\/uploads\\\/2024\\\/11\\\/Maillot-jaune-Marechal.png\",\"datePublished\":\"2024-08-05T20:12:21+00:00\",\"dateModified\":\"2026-01-28T11:12:53+00:00\",\"description\":\"Le club Maillot Jaune permet \u00e0 des entreprises ainsi qu\u2019\u00e0 des priv\u00e9s de rejoindre le cercle des partenaires du Tour de Romandie\",\"breadcrumb\":{\"@id\":\"https:\\\/\\\/www.tourderomandie.ch\\\/en\\\/club-maillot-jaune\\\/#breadcrumb\"},\"inLanguage\":\"en-US\",\"potentialAction\":[{\"@type\":\"ReadAction\",\"target\":[\"https:\\\/\\\/www.tourderomandie.ch\\\/en\\\/club-maillot-jaune\\\/\"]}]},{\"@type\":\"ImageObject\",\"inLanguage\":\"en-US\",\"@id\":\"https:\\\/\\\/www.tourderomandie.ch\\\/en\\\/club-maillot-jaune\\\/#primaryimage\",\"url\":\"https:\\\/\\\/www.tourderomandie.ch\\\/wp-content\\\/uploads\\\/2024\\\/11\\\/Maillot-jaune-Marechal.png\",\"contentUrl\":\"https:\\\/\\\/www.tourderomandie.ch\\\/wp-content\\\/uploads\\\/2024\\\/11\\\/Maillot-jaune-Marechal.png\",\"width\":600,\"height\":600},{\"@type\":\"BreadcrumbList\",\"@id\":\"https:\\\/\\\/www.tourderomandie.ch\\\/en\\\/club-maillot-jaune\\\/#breadcrumb\",\"itemListElement\":[{\"@type\":\"ListItem\",\"position\":1,\"name\":\"Accueil\",\"item\":\"https:\\\/\\\/www.tourderomandie.ch\\\/en\\\/\"},{\"@type\":\"ListItem\",\"position\":2,\"name\":\"Club Maillot Jaune\"}]},{\"@type\":\"WebSite\",\"@id\":\"https:\\\/\\\/www.tourderomandie.ch\\\/#website\",\"url\":\"https:\\\/\\\/www.tourderomandie.ch\\\/\",\"name\":\"Tour de Romandie\",\"description\":\"Tour de Romandie | du 28 avril au 03 mai 2026\",\"publisher\":{\"@id\":\"https:\\\/\\\/www.tourderomandie.ch\\\/#organization\"},\"potentialAction\":[{\"@type\":\"SearchAction\",\"target\":{\"@type\":\"EntryPoint\",\"urlTemplate\":\"https:\\\/\\\/www.tourderomandie.ch\\\/?s={search_term_string}\"},\"query-input\":{\"@type\":\"PropertyValueSpecification\",\"valueRequired\":true,\"valueName\":\"search_term_string\"}}],\"inLanguage\":\"en-US\"},{\"@type\":\"Organization\",\"@id\":\"https:\\\/\\\/www.tourderomandie.ch\\\/#organization\",\"name\":\"Tour de Romandie\",\"url\":\"https:\\\/\\\/www.tourderomandie.ch\\\/\",\"logo\":{\"@type\":\"ImageObject\",\"inLanguage\":\"en-US\",\"@id\":\"https:\\\/\\\/www.tourderomandie.ch\\\/#\\\/schema\\\/logo\\\/image\\\/\",\"url\":\"https:\\\/\\\/www.tourderomandie.ch\\\/wp-content\\\/uploads\\\/2024\\\/07\\\/logo-tdr-2x-min-2.png\",\"contentUrl\":\"https:\\\/\\\/www.tourderomandie.ch\\\/wp-content\\\/uploads\\\/2024\\\/07\\\/logo-tdr-2x-min-2.png\",\"width\":354,\"height\":110,\"caption\":\"Tour de Romandie\"},\"image\":{\"@id\":\"https:\\\/\\\/www.tourderomandie.ch\\\/#\\\/schema\\\/logo\\\/image\\\/\"},\"sameAs\":[\"https:\\\/\\\/www.facebook.com\\\/tourderomandie\",\"https:\\\/\\\/x.com\\\/TourDeRomandie\",\"https:\\\/\\\/www.linkedin.com\\\/company\\\/tour-de-romandie\\\/\",\"https:\\\/\\\/www.instagram.com\\\/tourderomandie\\\/\",\"https:\\\/\\\/www.flickr.com\\\/photos\\\/149217298@N06\\\/\"]}]}<\/script>\n<!-- \/ Yoast SEO plugin. -->","yoast_head_json":{"title":"Yellow Jersey Club - Tour de France","description":"The Maillot Jaune club enables companies and private individuals to join the circle of Tour de Romandie partners.","robots":{"index":"index","follow":"follow","max-snippet":"max-snippet:-1","max-image-preview":"max-image-preview:large","max-video-preview":"max-video-preview:-1"},"canonical":"https:\/\/www.tourderomandie.ch\/en\/yellow-jersey-club\/","og_locale":"en_US","og_type":"article","og_title":"Club Maillot Jaune - TdR","og_description":"Le club Maillot Jaune permet \u00e0 des entreprises ainsi qu\u2019\u00e0 des priv\u00e9s de rejoindre le cercle des partenaires du Tour de Romandie","og_url":"https:\/\/www.tourderomandie.ch\/en\/yellow-jersey-club\/","og_site_name":"TdR","article_publisher":"https:\/\/www.facebook.com\/tourderomandie","article_modified_time":"2026-01-28T11:12:53+00:00","og_image":[{"width":600,"height":600,"url":"https:\/\/www.tourderomandie.ch\/wp-content\/uploads\/2024\/11\/Maillot-jaune-Marechal.png","type":"image\/png"}],"twitter_card":"summary_large_image","twitter_site":"@TourDeRomandie","twitter_misc":{"Est. reading time":"2 minutes"},"schema":{"@context":"https:\/\/schema.org","@graph":[{"@type":"WebPage","@id":"https:\/\/www.tourderomandie.ch\/en\/club-maillot-jaune\/","url":"https:\/\/www.tourderomandie.ch\/en\/club-maillot-jaune\/","name":"Yellow Jersey Club - Tour de France","isPartOf":{"@id":"https:\/\/www.tourderomandie.ch\/#website"},"primaryImageOfPage":{"@id":"https:\/\/www.tourderomandie.ch\/en\/club-maillot-jaune\/#primaryimage"},"image":{"@id":"https:\/\/www.tourderomandie.ch\/en\/club-maillot-jaune\/#primaryimage"},"thumbnailUrl":"https:\/\/www.tourderomandie.ch\/wp-content\/uploads\/2024\/11\/Maillot-jaune-Marechal.png","datePublished":"2024-08-05T20:12:21+00:00","dateModified":"2026-01-28T11:12:53+00:00","description":"The Maillot Jaune club enables companies and private individuals to join the circle of Tour de Romandie partners.","breadcrumb":{"@id":"https:\/\/www.tourderomandie.ch\/en\/club-maillot-jaune\/#breadcrumb"},"inLanguage":"en-US","potentialAction":[{"@type":"ReadAction","target":["https:\/\/www.tourderomandie.ch\/en\/club-maillot-jaune\/"]}]},{"@type":"ImageObject","inLanguage":"en-US","@id":"https:\/\/www.tourderomandie.ch\/en\/club-maillot-jaune\/#primaryimage","url":"https:\/\/www.tourderomandie.ch\/wp-content\/uploads\/2024\/11\/Maillot-jaune-Marechal.png","contentUrl":"https:\/\/www.tourderomandie.ch\/wp-content\/uploads\/2024\/11\/Maillot-jaune-Marechal.png","width":600,"height":600},{"@type":"BreadcrumbList","@id":"https:\/\/www.tourderomandie.ch\/en\/club-maillot-jaune\/#breadcrumb","itemListElement":[{"@type":"ListItem","position":1,"name":"Accueil","item":"https:\/\/www.tourderomandie.ch\/en\/"},{"@type":"ListItem","position":2,"name":"Club Maillot Jaune"}]},{"@type":"WebSite","@id":"https:\/\/www.tourderomandie.ch\/#website","url":"https:\/\/www.tourderomandie.ch\/","name":"Tour de Romandie","description":"Tour de Romandie | April 28 to May 3, 2026","publisher":{"@id":"https:\/\/www.tourderomandie.ch\/#organization"},"potentialAction":[{"@type":"SearchAction","target":{"@type":"EntryPoint","urlTemplate":"https:\/\/www.tourderomandie.ch\/?s={search_term_string}"},"query-input":{"@type":"PropertyValueSpecification","valueRequired":true,"valueName":"search_term_string"}}],"inLanguage":"en-US"},{"@type":"Organization","@id":"https:\/\/www.tourderomandie.ch\/#organization","name":"Tour de Romandie","url":"https:\/\/www.tourderomandie.ch\/","logo":{"@type":"ImageObject","inLanguage":"en-US","@id":"https:\/\/www.tourderomandie.ch\/#\/schema\/logo\/image\/","url":"https:\/\/www.tourderomandie.ch\/wp-content\/uploads\/2024\/07\/logo-tdr-2x-min-2.png","contentUrl":"https:\/\/www.tourderomandie.ch\/wp-content\/uploads\/2024\/07\/logo-tdr-2x-min-2.png","width":354,"height":110,"caption":"Tour de Romandie"},"image":{"@id":"https:\/\/www.tourderomandie.ch\/#\/schema\/logo\/image\/"},"sameAs":["https:\/\/www.facebook.com\/tourderomandie","https:\/\/x.com\/TourDeRomandie","https:\/\/www.linkedin.com\/company\/tour-de-romandie\/","https:\/\/www.instagram.com\/tourderomandie\/","https:\/\/www.flickr.com\/photos\/149217298@N06\/"]}]}},"_links":{"self":[{"href":"https:\/\/www.tourderomandie.ch\/en\/wp-json\/wp\/v2\/pages\/1247","targetHints":{"allow":["GET"]}}],"collection":[{"href":"https:\/\/www.tourderomandie.ch\/en\/wp-json\/wp\/v2\/pages"}],"about":[{"href":"https:\/\/www.tourderomandie.ch\/en\/wp-json\/wp\/v2\/types\/page"}],"author":[{"embeddable":true,"href":"https:\/\/www.tourderomandie.ch\/en\/wp-json\/wp\/v2\/users\/1"}],"replies":[{"embeddable":true,"href":"https:\/\/www.tourderomandie.ch\/en\/wp-json\/wp\/v2\/comments?post=1247"}],"version-history":[{"count":51,"href":"https:\/\/www.tourderomandie.ch\/en\/wp-json\/wp\/v2\/pages\/1247\/revisions"}],"predecessor-version":[{"id":9128,"href":"https:\/\/www.tourderomandie.ch\/en\/wp-json\/wp\/v2\/pages\/1247\/revisions\/9128"}],"wp:featuredmedia":[{"embeddable":true,"href":"https:\/\/www.tourderomandie.ch\/en\/wp-json\/wp\/v2\/media\/4173"}],"wp:attachment":[{"href":"https:\/\/www.tourderomandie.ch\/en\/wp-json\/wp\/v2\/media?parent=1247"}],"curies":[{"name":"wp","href":"https:\/\/api.w.org\/{rel}","templated":true}]}}