{"id":1741,"date":"2024-08-09T10:12:17","date_gmt":"2024-08-09T08:12:17","guid":{"rendered":"https:\/\/tourderomandie.ch\/?page_id=1741"},"modified":"2026-04-13T11:13:52","modified_gmt":"2026-04-13T09:13:52","slug":"page-securisees-villes-etapes","status":"publish","type":"page","link":"https:\/\/www.tourderomandie.ch\/en\/page-securisee-villes-etapes\/","title":{"rendered":"Page s\u00e9curis\u00e9e &#8211; villes \u00e9tapes"},"content":{"rendered":"","protected":true},"excerpt":{"rendered":"","protected":true},"author":1,"featured_media":0,"parent":0,"menu_order":0,"comment_status":"closed","ping_status":"closed","template":"","meta":{"_acf_changed":false,"footnotes":""},"class_list":["post-1741","page","type-page","status-publish","post-password-required","hentry"],"acf":[],"yoast_head":"<!-- This site is optimized with the Yoast SEO plugin v27.4 - https:\/\/yoast.com\/product\/yoast-seo-wordpress\/ -->\n<title>Page s\u00e9curis\u00e9e - villes \u00e9tapes - TdR<\/title>\n<meta name=\"robots\" content=\"index, follow, max-snippet:-1, max-image-preview:large, max-video-preview:-1\" \/>\n<link rel=\"canonical\" href=\"https:\/\/www.tourderomandie.ch\/en\/page-securisees-villes-etapes\/\" \/>\n<meta property=\"og:locale\" content=\"en_US\" \/>\n<meta property=\"og:type\" content=\"article\" \/>\n<meta property=\"og:title\" content=\"Page s\u00e9curis\u00e9e - villes \u00e9tapes - TdR\" \/>\n<meta property=\"og:description\" content=\"There is no excerpt because this is a protected post.\" \/>\n<meta property=\"og:url\" content=\"https:\/\/www.tourderomandie.ch\/en\/page-securisees-villes-etapes\/\" \/>\n<meta property=\"og:site_name\" content=\"TdR\" \/>\n<meta property=\"article:publisher\" content=\"https:\/\/www.facebook.com\/tourderomandie\" \/>\n<meta property=\"article:modified_time\" content=\"2026-04-13T09:13:52+00:00\" \/>\n<meta name=\"twitter:card\" content=\"summary_large_image\" \/>\n<meta name=\"twitter:site\" content=\"@TourDeRomandie\" \/>\n<meta name=\"twitter:label1\" content=\"Est. reading time\" \/>\n\t<meta name=\"twitter:data1\" content=\"2 minutes\" \/>\n<script type=\"application\/ld+json\" class=\"yoast-schema-graph\">{\"@context\":\"https:\\\/\\\/schema.org\",\"@graph\":[{\"@type\":\"WebPage\",\"@id\":\"https:\\\/\\\/www.tourderomandie.ch\\\/en\\\/page-securisee-villes-etapes\\\/\",\"url\":\"https:\\\/\\\/www.tourderomandie.ch\\\/en\\\/page-securisee-villes-etapes\\\/\",\"name\":\"Page s\u00e9curis\u00e9e - villes \u00e9tapes - TdR\",\"isPartOf\":{\"@id\":\"https:\\\/\\\/www.tourderomandie.ch\\\/#website\"},\"datePublished\":\"2024-08-09T08:12:17+00:00\",\"dateModified\":\"2026-04-13T09:13:52+00:00\",\"breadcrumb\":{\"@id\":\"https:\\\/\\\/www.tourderomandie.ch\\\/en\\\/page-securisee-villes-etapes\\\/#breadcrumb\"},\"inLanguage\":\"en-US\"},{\"@type\":\"WebSite\",\"@id\":\"https:\\\/\\\/www.tourderomandie.ch\\\/#website\",\"url\":\"https:\\\/\\\/www.tourderomandie.ch\\\/\",\"name\":\"Tour de Romandie\",\"description\":\"Tour de Romandie | du 28 avril au 03 mai 2026\",\"publisher\":{\"@id\":\"https:\\\/\\\/www.tourderomandie.ch\\\/#organization\"},\"potentialAction\":[{\"@type\":\"SearchAction\",\"target\":{\"@type\":\"EntryPoint\",\"urlTemplate\":\"https:\\\/\\\/www.tourderomandie.ch\\\/?s={search_term_string}\"},\"query-input\":{\"@type\":\"PropertyValueSpecification\",\"valueRequired\":true,\"valueName\":\"search_term_string\"}}],\"inLanguage\":\"en-US\"},{\"@type\":\"Organization\",\"@id\":\"https:\\\/\\\/www.tourderomandie.ch\\\/#organization\",\"name\":\"Tour de Romandie\",\"url\":\"https:\\\/\\\/www.tourderomandie.ch\\\/\",\"logo\":{\"@type\":\"ImageObject\",\"inLanguage\":\"en-US\",\"@id\":\"https:\\\/\\\/www.tourderomandie.ch\\\/#\\\/schema\\\/logo\\\/image\\\/\",\"url\":\"https:\\\/\\\/www.tourderomandie.ch\\\/wp-content\\\/uploads\\\/2024\\\/07\\\/logo-tdr-2x-min-2.png\",\"contentUrl\":\"https:\\\/\\\/www.tourderomandie.ch\\\/wp-content\\\/uploads\\\/2024\\\/07\\\/logo-tdr-2x-min-2.png\",\"width\":354,\"height\":110,\"caption\":\"Tour de Romandie\"},\"image\":{\"@id\":\"https:\\\/\\\/www.tourderomandie.ch\\\/#\\\/schema\\\/logo\\\/image\\\/\"},\"sameAs\":[\"https:\\\/\\\/www.facebook.com\\\/tourderomandie\",\"https:\\\/\\\/x.com\\\/TourDeRomandie\",\"https:\\\/\\\/www.linkedin.com\\\/company\\\/tour-de-romandie\\\/\",\"https:\\\/\\\/www.instagram.com\\\/tourderomandie\\\/\",\"https:\\\/\\\/www.flickr.com\\\/photos\\\/149217298@N06\\\/\"]}]}<\/script>\n<!-- \/ Yoast SEO plugin. -->","yoast_head_json":{"title":"Secure Page - Stage Towns - Tour de France","robots":{"index":"index","follow":"follow","max-snippet":"max-snippet:-1","max-image-preview":"max-image-preview:large","max-video-preview":"max-video-preview:-1"},"canonical":"https:\/\/www.tourderomandie.ch\/en\/page-securisees-villes-etapes\/","og_locale":"en_US","og_type":"article","og_title":"Page s\u00e9curis\u00e9e - villes \u00e9tapes - TdR","og_description":"There is no excerpt because this is a protected post.","og_url":"https:\/\/www.tourderomandie.ch\/en\/page-securisees-villes-etapes\/","og_site_name":"TdR","article_publisher":"https:\/\/www.facebook.com\/tourderomandie","article_modified_time":"2026-04-13T09:13:52+00:00","twitter_card":"summary_large_image","twitter_site":"@TourDeRomandie","twitter_misc":{"Est. reading time":"2 minutes"},"schema":{"@context":"https:\/\/schema.org","@graph":[{"@type":"WebPage","@id":"https:\/\/www.tourderomandie.ch\/en\/page-securisee-villes-etapes\/","url":"https:\/\/www.tourderomandie.ch\/en\/page-securisee-villes-etapes\/","name":"Secure Page - Stage Towns - Tour de France","isPartOf":{"@id":"https:\/\/www.tourderomandie.ch\/#website"},"datePublished":"2024-08-09T08:12:17+00:00","dateModified":"2026-04-13T09:13:52+00:00","breadcrumb":{"@id":"https:\/\/www.tourderomandie.ch\/en\/page-securisee-villes-etapes\/#breadcrumb"},"inLanguage":"en-US"},{"@type":"WebSite","@id":"https:\/\/www.tourderomandie.ch\/#website","url":"https:\/\/www.tourderomandie.ch\/","name":"Tour de Romandie","description":"Tour de Romandie | April 28 to May 3, 2026","publisher":{"@id":"https:\/\/www.tourderomandie.ch\/#organization"},"potentialAction":[{"@type":"SearchAction","target":{"@type":"EntryPoint","urlTemplate":"https:\/\/www.tourderomandie.ch\/?s={search_term_string}"},"query-input":{"@type":"PropertyValueSpecification","valueRequired":true,"valueName":"search_term_string"}}],"inLanguage":"en-US"},{"@type":"Organization","@id":"https:\/\/www.tourderomandie.ch\/#organization","name":"Tour de Romandie","url":"https:\/\/www.tourderomandie.ch\/","logo":{"@type":"ImageObject","inLanguage":"en-US","@id":"https:\/\/www.tourderomandie.ch\/#\/schema\/logo\/image\/","url":"https:\/\/www.tourderomandie.ch\/wp-content\/uploads\/2024\/07\/logo-tdr-2x-min-2.png","contentUrl":"https:\/\/www.tourderomandie.ch\/wp-content\/uploads\/2024\/07\/logo-tdr-2x-min-2.png","width":354,"height":110,"caption":"Tour de Romandie"},"image":{"@id":"https:\/\/www.tourderomandie.ch\/#\/schema\/logo\/image\/"},"sameAs":["https:\/\/www.facebook.com\/tourderomandie","https:\/\/x.com\/TourDeRomandie","https:\/\/www.linkedin.com\/company\/tour-de-romandie\/","https:\/\/www.instagram.com\/tourderomandie\/","https:\/\/www.flickr.com\/photos\/149217298@N06\/"]}]}},"_links":{"self":[{"href":"https:\/\/www.tourderomandie.ch\/en\/wp-json\/wp\/v2\/pages\/1741","targetHints":{"allow":["GET"]}}],"collection":[{"href":"https:\/\/www.tourderomandie.ch\/en\/wp-json\/wp\/v2\/pages"}],"about":[{"href":"https:\/\/www.tourderomandie.ch\/en\/wp-json\/wp\/v2\/types\/page"}],"author":[{"embeddable":true,"href":"https:\/\/www.tourderomandie.ch\/en\/wp-json\/wp\/v2\/users\/1"}],"replies":[{"embeddable":true,"href":"https:\/\/www.tourderomandie.ch\/en\/wp-json\/wp\/v2\/comments?post=1741"}],"version-history":[{"count":106,"href":"https:\/\/www.tourderomandie.ch\/en\/wp-json\/wp\/v2\/pages\/1741\/revisions"}],"predecessor-version":[{"id":9741,"href":"https:\/\/www.tourderomandie.ch\/en\/wp-json\/wp\/v2\/pages\/1741\/revisions\/9741"}],"wp:attachment":[{"href":"https:\/\/www.tourderomandie.ch\/en\/wp-json\/wp\/v2\/media?parent=1741"}],"curies":[{"name":"wp","href":"https:\/\/api.w.org\/{rel}","templated":true}]}}