{"id":217,"date":"2024-07-30T13:50:58","date_gmt":"2024-07-30T11:50:58","guid":{"rendered":"https:\/\/tourderomandie.ch\/?page_id=217"},"modified":"2026-01-27T11:30:11","modified_gmt":"2026-01-27T09:30:11","slug":"our-commitments","status":"publish","type":"page","link":"https:\/\/www.tourderomandie.ch\/en\/nos-engagements\/","title":{"rendered":"Our commitments"},"content":{"rendered":"<div data-elementor-type=\"wp-page\" data-elementor-id=\"217\" class=\"elementor elementor-217\" data-elementor-post-type=\"page\">\n\t\t\t\t<div class=\"elementor-element elementor-element-da3b16d e-flex e-con-boxed e-con e-parent\" data-id=\"da3b16d\" data-element_type=\"container\" data-e-type=\"container\" data-settings=\"{&quot;background_background&quot;:&quot;classic&quot;}\">\n\t\t\t\t\t<div class=\"e-con-inner\">\n\t\t\t\t<div class=\"elementor-element elementor-element-0fa9022 txt_gradient elementor-widget elementor-widget-heading\" data-id=\"0fa9022\" data-element_type=\"widget\" data-e-type=\"widget\" data-widget_type=\"heading.default\">\n\t\t\t\t\t<h1 class=\"elementor-heading-title elementor-size-default\">Our commitments<\/h1>\t\t\t\t<\/div>\n\t\t\t\t<div class=\"elementor-element elementor-element-7462007 txt_gradient elementor-widget elementor-widget-heading\" data-id=\"7462007\" data-element_type=\"widget\" data-e-type=\"widget\" data-widget_type=\"heading.default\">\n\t\t\t\t\t<h2 class=\"elementor-heading-title elementor-size-default\">Cycling is the very architype of the ultimate \u201cGreen\u201d sport and means of transport<\/h2>\t\t\t\t<\/div>\n\t\t\t\t<div class=\"elementor-element elementor-element-c8f4142 line_gradient elementor-widget-divider--view-line elementor-widget elementor-widget-divider\" data-id=\"c8f4142\" data-element_type=\"widget\" data-e-type=\"widget\" data-widget_type=\"divider.default\">\n\t\t\t\t\t\t\t<div class=\"elementor-divider\">\n\t\t\t<span class=\"elementor-divider-separator\">\n\t\t\t\t\t\t<\/span>\n\t\t<\/div>\n\t\t\t\t\t\t<\/div>\n\t\t\t\t<div class=\"elementor-element elementor-element-415f569 elementor-widget elementor-widget-text-editor\" data-id=\"415f569\" data-element_type=\"widget\" data-e-type=\"widget\" data-widget_type=\"text-editor.default\">\n\t\t\t\t\t\t\t\t\t<p>The Tour de Romandie has now been committed to sustainable development for some years.<\/p><p>Cycling already enjoys a \u201cgreen\u201d image in public opinion and represents the very architype of the \u201cecological\u201d sport and means of transport par excellence.<\/p><p>It is not merely to follow current trends or to meet the demands and requirements of the sponsors, stage towns, cantons, the UCI or the IOC (which is enforcing the principles of sustainability throughout Olympic projects) that the Tour de Romandie is focusing on this field, but because compliance with the principles of sustainability is a universal duty, and even more so for the most important sporting event in French-speaking Switzerland.<\/p><p>From 2009, in particular with a study conducted with the AISTS (International Academy of Sport Science and Technology), the Tour de Romandie put in place different measures to plan and develop its work in the field of sustainable development.<\/p><p>The initial emphasis was put on waste management and transport development.<\/p>\t\t\t\t\t\t\t\t<\/div>\n\t\t\t\t\t<\/div>\n\t\t\t\t<\/div>\n\t\t<div class=\"elementor-element elementor-element-b2ce053 e-con-full e-flex e-con e-parent\" data-id=\"b2ce053\" data-element_type=\"container\" data-e-type=\"container\">\n\t\t\t\t<div class=\"elementor-element elementor-element-6b500bb elementor-widget elementor-widget-image\" data-id=\"6b500bb\" data-element_type=\"widget\" data-e-type=\"widget\" data-widget_type=\"image.default\">\n\t\t\t\t\t\t\t\t\t\t\t\t\t\t\t<img fetchpriority=\"high\" decoding=\"async\" width=\"1920\" height=\"453\" src=\"https:\/\/www.tourderomandie.ch\/wp-content\/uploads\/2024\/07\/developpement_durable.png\" class=\"attachment-full size-full wp-image-222\" alt=\"\" \/>\t\t\t\t\t\t\t\t\t\t\t\t\t\t\t<\/div>\n\t\t\t\t<\/div>\n\t\t<div class=\"elementor-element elementor-element-95169ab e-flex e-con-boxed e-con e-parent\" data-id=\"95169ab\" data-element_type=\"container\" data-e-type=\"container\" data-settings=\"{&quot;background_background&quot;:&quot;classic&quot;}\">\n\t\t\t\t\t<div class=\"e-con-inner\">\n\t\t<div class=\"elementor-element elementor-element-e151695 e-flex e-con-boxed e-con e-child\" data-id=\"e151695\" data-element_type=\"container\" data-e-type=\"container\">\n\t\t\t\t\t<div class=\"e-con-inner\">\n\t\t<div class=\"elementor-element elementor-element-245df68 e-con-full e-flex e-con e-child\" data-id=\"245df68\" data-element_type=\"container\" data-e-type=\"container\">\n\t\t<div class=\"elementor-element elementor-element-b0bd44c e-con-full e-flex e-con e-child\" data-id=\"b0bd44c\" data-element_type=\"container\" data-e-type=\"container\">\n\t\t\t\t<div class=\"elementor-element elementor-element-c733372 txt_gradient elementor-widget elementor-widget-heading\" data-id=\"c733372\" data-element_type=\"widget\" data-e-type=\"widget\" data-widget_type=\"heading.default\">\n\t\t\t\t\t<h3 class=\"elementor-heading-title elementor-size-default\">For waste management, the main goals were to:<\/h3>\t\t\t\t<\/div>\n\t\t\t\t<div class=\"elementor-element elementor-element-af979bb elementor-widget elementor-widget-text-editor\" data-id=\"af979bb\" data-element_type=\"widget\" data-e-type=\"widget\" data-widget_type=\"text-editor.default\">\n\t\t\t\t\t\t\t\t\t<p>\u2022 Reduce waste generation;<\/p><p class=\"p1\"><span class=\"s1\">\u2022 Recover and selectively sort waste;<\/span><\/p><p class=\"p1\"><span class=\"s1\">\u2022 Reinforce education and awareness of waste management.<\/span><\/p><p class=\"p1\"><span class=\"s1\">\u2022 It was possible to achieve these goals by involving the different stakeholders (stage towns, highway departments, partners and sponsors), organising zones for selective waste sorting and setting up an educational campaign.<\/span><\/p>\t\t\t\t\t\t\t\t<\/div>\n\t\t\t\t<div class=\"elementor-element elementor-element-04283b9 txt_gradient elementor-widget elementor-widget-heading\" data-id=\"04283b9\" data-element_type=\"widget\" data-e-type=\"widget\" data-widget_type=\"heading.default\">\n\t\t\t\t\t<h3 class=\"elementor-heading-title elementor-size-default\">For transport development, the main goals were to:<\/h3>\t\t\t\t<\/div>\n\t\t\t\t<div class=\"elementor-element elementor-element-1268176 elementor-widget elementor-widget-text-editor\" data-id=\"1268176\" data-element_type=\"widget\" data-e-type=\"widget\" data-widget_type=\"text-editor.default\">\n\t\t\t\t\t\t\t\t\t<p>\u2022 Promote soft mobility, car-sharing and public transport;<\/p><p>\u2022 Minimise traffic and resolve parking problems;<\/p><p>\u2022 Reduce the negative impact of transportation on the environment (CO2);<\/p><p>\u2022 Reinforce education and awareness with regard to mobility and health.<\/p><p class=\"translation-block\">\u2022 It was possible to achieve these goals by encouraging the public to travel by bike or public transport, giving associations working in the field the opportunity to make a name for themselves, involving local clubs in the implementation of concrete measures (organising secure bike parking) or insisting on the beneficial effects of physical exercise on health and well-being.<\/p><p>The environmental aspects (reduction of the ecological impact of waste and transport), social aspects (health promotion, integration of local communities, etc.) and economic aspects (integration of local public transport companies, reduction of costs, economic and tourist promotion, etc.) were fully considered through these two initiatives.<\/p><p>The Tour de Romandie is constantly working to develop more initiatives so that the principles of sustainable development are applied and expanded upon as part of the event.<\/p><p>The Tour de Romandie Foundation is now a signatory of the UCI Climate<\/p>\t\t\t\t\t\t\t\t<\/div>\n\t\t\t\t<div class=\"elementor-element elementor-element-0cedb58 elementor-widget elementor-widget-button\" data-id=\"0cedb58\" data-element_type=\"widget\" data-e-type=\"widget\" data-widget_type=\"button.default\">\n\t\t\t\t\t\t\t\t\t\t<a class=\"elementor-button elementor-button-link elementor-size-sm\" href=\"https:\/\/tourderomandie.ch\/wp-content\/uploads\/2024\/07\/2022_UCI_CLIMATE_ACTION_CHARTER_FR.pdf\" target=\"_blank\">\n\t\t\t\t\t\t<span class=\"elementor-button-content-wrapper\">\n\t\t\t\t\t\t\t\t\t<span class=\"elementor-button-text\">See the Charter<\/span>\n\t\t\t\t\t<\/span>\n\t\t\t\t\t<\/a>\n\t\t\t\t\t\t\t\t<\/div>\n\t\t\t\t<div class=\"elementor-element elementor-element-9b18f36 elementor-widget elementor-widget-button\" data-id=\"9b18f36\" data-element_type=\"widget\" data-e-type=\"widget\" data-widget_type=\"button.default\">\n\t\t\t\t\t\t\t\t\t\t<a class=\"elementor-button elementor-button-link elementor-size-sm\" href=\"https:\/\/www.tourderomandie.ch\/en\/le-ptit-tour-de-romandie\/\">\n\t\t\t\t\t\t<span class=\"elementor-button-content-wrapper\">\n\t\t\t\t\t\t\t\t\t<span class=\"elementor-button-text\">The \u201cP\u2019tit Tour de Romandie\u201d<\/span>\n\t\t\t\t\t<\/span>\n\t\t\t\t\t<\/a>\n\t\t\t\t\t\t\t\t<\/div>\n\t\t\t\t<\/div>\n\t\t\t\t<\/div>\n\t\t\t\t\t<\/div>\n\t\t\t\t<\/div>\n\t\t\t\t\t<\/div>\n\t\t\t\t<\/div>\n\t\t\t\t<\/div>","protected":false},"excerpt":{"rendered":"<p>Nos engagements Le cyclisme : l\u2019arch\u00e9type m\u00eame du sport et du moyen de transport \u00ab Vert \u00bb par excellence Depuis plusieurs ann\u00e9es d\u00e9j\u00e0, le Tour de Roman\u00addie s\u2019en\u00adgage en faveur du d\u00e9ve\u00adlop\u00adpe\u00adment durable. Le cyclisme b\u00e9n\u00e9\u00adfi\u00adcie d\u00e9j\u00e0 dans l\u2019opi\u00adnion publique d\u2019une image \u00ab verte \u00bb et repr\u00e9\u00adsente l\u2019ar\u00adch\u00e9\u00adtype m\u00eame du sport et du moyen de [&hellip;]<\/p>\n","protected":false},"author":1,"featured_media":4412,"parent":0,"menu_order":0,"comment_status":"closed","ping_status":"closed","template":"","meta":{"_acf_changed":false,"footnotes":""},"class_list":["post-217","page","type-page","status-publish","has-post-thumbnail","hentry"],"acf":[],"yoast_head":"<!-- This site is optimized with the Yoast SEO plugin v27.3 - https:\/\/yoast.com\/product\/yoast-seo-wordpress\/ -->\n<title>Nos engagements - TdR<\/title>\n<meta name=\"description\" content=\"Depuis plusieurs ann\u00e9es d\u00e9j\u00e0, le Tour de Roman\u00addie s\u2019en\u00adgage en faveur du d\u00e9ve\u00adlop\u00adpe\u00adment durable. Le cyclisme b\u00e9n\u00e9\u00adfi\u00adcie...\" \/>\n<meta name=\"robots\" content=\"index, follow, max-snippet:-1, max-image-preview:large, max-video-preview:-1\" \/>\n<link rel=\"canonical\" href=\"https:\/\/www.tourderomandie.ch\/en\/our-commitments\/\" \/>\n<meta property=\"og:locale\" content=\"en_US\" \/>\n<meta property=\"og:type\" content=\"article\" \/>\n<meta property=\"og:title\" content=\"Nos engagements - TdR\" \/>\n<meta property=\"og:description\" content=\"Depuis plusieurs ann\u00e9es d\u00e9j\u00e0, le Tour de Roman\u00addie s\u2019en\u00adgage en faveur du d\u00e9ve\u00adlop\u00adpe\u00adment durable. Le cyclisme b\u00e9n\u00e9\u00adfi\u00adcie...\" \/>\n<meta property=\"og:url\" content=\"https:\/\/www.tourderomandie.ch\/en\/our-commitments\/\" \/>\n<meta property=\"og:site_name\" content=\"TdR\" \/>\n<meta property=\"article:publisher\" content=\"https:\/\/www.facebook.com\/tourderomandie\" \/>\n<meta property=\"article:modified_time\" content=\"2026-01-27T09:30:11+00:00\" \/>\n<meta property=\"og:image\" content=\"https:\/\/www.tourderomandie.ch\/wp-content\/uploads\/2024\/11\/Caravane_pub_TDR3.jpg\" \/>\n\t<meta property=\"og:image:width\" content=\"1000\" \/>\n\t<meta property=\"og:image:height\" content=\"667\" \/>\n\t<meta property=\"og:image:type\" content=\"image\/jpeg\" \/>\n<meta name=\"twitter:card\" content=\"summary_large_image\" \/>\n<meta name=\"twitter:site\" content=\"@TourDeRomandie\" \/>\n<meta name=\"twitter:label1\" content=\"Est. reading time\" \/>\n\t<meta name=\"twitter:data1\" content=\"3 minutes\" \/>\n<script type=\"application\/ld+json\" class=\"yoast-schema-graph\">{\"@context\":\"https:\\\/\\\/schema.org\",\"@graph\":[{\"@type\":\"WebPage\",\"@id\":\"https:\\\/\\\/www.tourderomandie.ch\\\/en\\\/nos-engagements\\\/\",\"url\":\"https:\\\/\\\/www.tourderomandie.ch\\\/en\\\/nos-engagements\\\/\",\"name\":\"Nos engagements - TdR\",\"isPartOf\":{\"@id\":\"https:\\\/\\\/www.tourderomandie.ch\\\/en\\\/#website\"},\"primaryImageOfPage\":{\"@id\":\"https:\\\/\\\/www.tourderomandie.ch\\\/en\\\/nos-engagements\\\/#primaryimage\"},\"image\":{\"@id\":\"https:\\\/\\\/www.tourderomandie.ch\\\/en\\\/nos-engagements\\\/#primaryimage\"},\"thumbnailUrl\":\"https:\\\/\\\/www.tourderomandie.ch\\\/wp-content\\\/uploads\\\/2024\\\/11\\\/Caravane_pub_TDR3.jpg\",\"datePublished\":\"2024-07-30T11:50:58+00:00\",\"dateModified\":\"2026-01-27T09:30:11+00:00\",\"description\":\"Depuis plusieurs ann\u00e9es d\u00e9j\u00e0, le Tour de Roman\u00addie s\u2019en\u00adgage en faveur du d\u00e9ve\u00adlop\u00adpe\u00adment durable. Le cyclisme b\u00e9n\u00e9\u00adfi\u00adcie...\",\"breadcrumb\":{\"@id\":\"https:\\\/\\\/www.tourderomandie.ch\\\/en\\\/nos-engagements\\\/#breadcrumb\"},\"inLanguage\":\"en-US\",\"potentialAction\":[{\"@type\":\"ReadAction\",\"target\":[\"https:\\\/\\\/www.tourderomandie.ch\\\/en\\\/nos-engagements\\\/\"]}]},{\"@type\":\"ImageObject\",\"inLanguage\":\"en-US\",\"@id\":\"https:\\\/\\\/www.tourderomandie.ch\\\/en\\\/nos-engagements\\\/#primaryimage\",\"url\":\"https:\\\/\\\/www.tourderomandie.ch\\\/wp-content\\\/uploads\\\/2024\\\/11\\\/Caravane_pub_TDR3.jpg\",\"contentUrl\":\"https:\\\/\\\/www.tourderomandie.ch\\\/wp-content\\\/uploads\\\/2024\\\/11\\\/Caravane_pub_TDR3.jpg\",\"width\":1000,\"height\":667},{\"@type\":\"BreadcrumbList\",\"@id\":\"https:\\\/\\\/www.tourderomandie.ch\\\/en\\\/nos-engagements\\\/#breadcrumb\",\"itemListElement\":[{\"@type\":\"ListItem\",\"position\":1,\"name\":\"Accueil\",\"item\":\"https:\\\/\\\/www.tourderomandie.ch\\\/en\\\/\"},{\"@type\":\"ListItem\",\"position\":2,\"name\":\"Nos engagements\"}]},{\"@type\":\"WebSite\",\"@id\":\"https:\\\/\\\/www.tourderomandie.ch\\\/en\\\/#website\",\"url\":\"https:\\\/\\\/www.tourderomandie.ch\\\/en\\\/\",\"name\":\"Tour de Romandie\",\"description\":\"Tour de Romandie | du 28 avril au 03 mai 2026\",\"publisher\":{\"@id\":\"https:\\\/\\\/www.tourderomandie.ch\\\/en\\\/#organization\"},\"potentialAction\":[{\"@type\":\"SearchAction\",\"target\":{\"@type\":\"EntryPoint\",\"urlTemplate\":\"https:\\\/\\\/www.tourderomandie.ch\\\/en\\\/?s={search_term_string}\"},\"query-input\":{\"@type\":\"PropertyValueSpecification\",\"valueRequired\":true,\"valueName\":\"search_term_string\"}}],\"inLanguage\":\"en-US\"},{\"@type\":\"Organization\",\"@id\":\"https:\\\/\\\/www.tourderomandie.ch\\\/en\\\/#organization\",\"name\":\"Tour de Romandie\",\"url\":\"https:\\\/\\\/www.tourderomandie.ch\\\/en\\\/\",\"logo\":{\"@type\":\"ImageObject\",\"inLanguage\":\"en-US\",\"@id\":\"https:\\\/\\\/www.tourderomandie.ch\\\/en\\\/#\\\/schema\\\/logo\\\/image\\\/\",\"url\":\"https:\\\/\\\/www.tourderomandie.ch\\\/wp-content\\\/uploads\\\/2024\\\/07\\\/logo-tdr-2x-min-2.png\",\"contentUrl\":\"https:\\\/\\\/www.tourderomandie.ch\\\/wp-content\\\/uploads\\\/2024\\\/07\\\/logo-tdr-2x-min-2.png\",\"width\":354,\"height\":110,\"caption\":\"Tour de Romandie\"},\"image\":{\"@id\":\"https:\\\/\\\/www.tourderomandie.ch\\\/en\\\/#\\\/schema\\\/logo\\\/image\\\/\"},\"sameAs\":[\"https:\\\/\\\/www.facebook.com\\\/tourderomandie\",\"https:\\\/\\\/x.com\\\/TourDeRomandie\",\"https:\\\/\\\/www.linkedin.com\\\/company\\\/tour-de-romandie\\\/\",\"https:\\\/\\\/www.instagram.com\\\/tourderomandie\\\/\",\"https:\\\/\\\/www.flickr.com\\\/photos\\\/149217298@N06\\\/\"]}]}<\/script>\n<!-- \/ Yoast SEO plugin. -->","yoast_head_json":{"title":"Our commitments - ToR","description":"For several years now, the Tour de Romandie has been committed to sustainable development. Cycling benefits...","robots":{"index":"index","follow":"follow","max-snippet":"max-snippet:-1","max-image-preview":"max-image-preview:large","max-video-preview":"max-video-preview:-1"},"canonical":"https:\/\/www.tourderomandie.ch\/en\/our-commitments\/","og_locale":"en_US","og_type":"article","og_title":"Nos engagements - TdR","og_description":"Depuis plusieurs ann\u00e9es d\u00e9j\u00e0, le Tour de Roman\u00addie s\u2019en\u00adgage en faveur du d\u00e9ve\u00adlop\u00adpe\u00adment durable. Le cyclisme b\u00e9n\u00e9\u00adfi\u00adcie...","og_url":"https:\/\/www.tourderomandie.ch\/en\/our-commitments\/","og_site_name":"TdR","article_publisher":"https:\/\/www.facebook.com\/tourderomandie","article_modified_time":"2026-01-27T09:30:11+00:00","og_image":[{"width":1000,"height":667,"url":"https:\/\/www.tourderomandie.ch\/wp-content\/uploads\/2024\/11\/Caravane_pub_TDR3.jpg","type":"image\/jpeg"}],"twitter_card":"summary_large_image","twitter_site":"@TourDeRomandie","twitter_misc":{"Est. reading time":"3 minutes"},"schema":{"@context":"https:\/\/schema.org","@graph":[{"@type":"WebPage","@id":"https:\/\/www.tourderomandie.ch\/en\/nos-engagements\/","url":"https:\/\/www.tourderomandie.ch\/en\/nos-engagements\/","name":"Our commitments - ToR","isPartOf":{"@id":"https:\/\/www.tourderomandie.ch\/en\/#website"},"primaryImageOfPage":{"@id":"https:\/\/www.tourderomandie.ch\/en\/nos-engagements\/#primaryimage"},"image":{"@id":"https:\/\/www.tourderomandie.ch\/en\/nos-engagements\/#primaryimage"},"thumbnailUrl":"https:\/\/www.tourderomandie.ch\/wp-content\/uploads\/2024\/11\/Caravane_pub_TDR3.jpg","datePublished":"2024-07-30T11:50:58+00:00","dateModified":"2026-01-27T09:30:11+00:00","description":"For several years now, the Tour de Romandie has been committed to sustainable development. Cycling benefits...","breadcrumb":{"@id":"https:\/\/www.tourderomandie.ch\/en\/nos-engagements\/#breadcrumb"},"inLanguage":"en-US","potentialAction":[{"@type":"ReadAction","target":["https:\/\/www.tourderomandie.ch\/en\/nos-engagements\/"]}]},{"@type":"ImageObject","inLanguage":"en-US","@id":"https:\/\/www.tourderomandie.ch\/en\/nos-engagements\/#primaryimage","url":"https:\/\/www.tourderomandie.ch\/wp-content\/uploads\/2024\/11\/Caravane_pub_TDR3.jpg","contentUrl":"https:\/\/www.tourderomandie.ch\/wp-content\/uploads\/2024\/11\/Caravane_pub_TDR3.jpg","width":1000,"height":667},{"@type":"BreadcrumbList","@id":"https:\/\/www.tourderomandie.ch\/en\/nos-engagements\/#breadcrumb","itemListElement":[{"@type":"ListItem","position":1,"name":"Accueil","item":"https:\/\/www.tourderomandie.ch\/en\/"},{"@type":"ListItem","position":2,"name":"Nos engagements"}]},{"@type":"WebSite","@id":"https:\/\/www.tourderomandie.ch\/en\/#website","url":"https:\/\/www.tourderomandie.ch\/en\/","name":"Tour de Romandie","description":"Tour de Romandie | April 28 to May 3, 2026","publisher":{"@id":"https:\/\/www.tourderomandie.ch\/en\/#organization"},"potentialAction":[{"@type":"SearchAction","target":{"@type":"EntryPoint","urlTemplate":"https:\/\/www.tourderomandie.ch\/en\/?s={search_term_string}"},"query-input":{"@type":"PropertyValueSpecification","valueRequired":true,"valueName":"search_term_string"}}],"inLanguage":"en-US"},{"@type":"Organization","@id":"https:\/\/www.tourderomandie.ch\/en\/#organization","name":"Tour de Romandie","url":"https:\/\/www.tourderomandie.ch\/en\/","logo":{"@type":"ImageObject","inLanguage":"en-US","@id":"https:\/\/www.tourderomandie.ch\/en\/#\/schema\/logo\/image\/","url":"https:\/\/www.tourderomandie.ch\/wp-content\/uploads\/2024\/07\/logo-tdr-2x-min-2.png","contentUrl":"https:\/\/www.tourderomandie.ch\/wp-content\/uploads\/2024\/07\/logo-tdr-2x-min-2.png","width":354,"height":110,"caption":"Tour de Romandie"},"image":{"@id":"https:\/\/www.tourderomandie.ch\/en\/#\/schema\/logo\/image\/"},"sameAs":["https:\/\/www.facebook.com\/tourderomandie","https:\/\/x.com\/TourDeRomandie","https:\/\/www.linkedin.com\/company\/tour-de-romandie\/","https:\/\/www.instagram.com\/tourderomandie\/","https:\/\/www.flickr.com\/photos\/149217298@N06\/"]}]}},"_links":{"self":[{"href":"https:\/\/www.tourderomandie.ch\/en\/wp-json\/wp\/v2\/pages\/217","targetHints":{"allow":["GET"]}}],"collection":[{"href":"https:\/\/www.tourderomandie.ch\/en\/wp-json\/wp\/v2\/pages"}],"about":[{"href":"https:\/\/www.tourderomandie.ch\/en\/wp-json\/wp\/v2\/types\/page"}],"author":[{"embeddable":true,"href":"https:\/\/www.tourderomandie.ch\/en\/wp-json\/wp\/v2\/users\/1"}],"replies":[{"embeddable":true,"href":"https:\/\/www.tourderomandie.ch\/en\/wp-json\/wp\/v2\/comments?post=217"}],"version-history":[{"count":52,"href":"https:\/\/www.tourderomandie.ch\/en\/wp-json\/wp\/v2\/pages\/217\/revisions"}],"predecessor-version":[{"id":9076,"href":"https:\/\/www.tourderomandie.ch\/en\/wp-json\/wp\/v2\/pages\/217\/revisions\/9076"}],"wp:featuredmedia":[{"embeddable":true,"href":"https:\/\/www.tourderomandie.ch\/en\/wp-json\/wp\/v2\/media\/4412"}],"wp:attachment":[{"href":"https:\/\/www.tourderomandie.ch\/en\/wp-json\/wp\/v2\/media?parent=217"}],"curies":[{"name":"wp","href":"https:\/\/api.w.org\/{rel}","templated":true}]}}