{"id":3448,"date":"2024-09-13T17:01:09","date_gmt":"2024-09-13T15:01:09","guid":{"rendered":"https:\/\/tourderomandie.ch\/?page_id=3448"},"modified":"2025-05-16T09:10:41","modified_gmt":"2025-05-16T07:10:41","slug":"results","status":"publish","type":"page","link":"https:\/\/www.tourderomandie.ch\/en\/resultats\/","title":{"rendered":"Results"},"content":{"rendered":"<div data-elementor-type=\"wp-page\" data-elementor-id=\"3448\" class=\"elementor elementor-3448\" data-elementor-post-type=\"page\">\n\t\t\t\t<div class=\"elementor-element elementor-element-da3b16d e-flex e-con-boxed e-con e-parent\" data-id=\"da3b16d\" data-element_type=\"container\" data-e-type=\"container\" data-settings=\"{&quot;background_background&quot;:&quot;classic&quot;}\">\n\t\t\t\t\t<div class=\"e-con-inner\">\n\t\t\t\t<div class=\"elementor-element elementor-element-0fa9022 txt_gradient elementor-widget elementor-widget-heading\" data-id=\"0fa9022\" data-element_type=\"widget\" data-e-type=\"widget\" data-widget_type=\"heading.default\">\n\t\t\t\t\t<h1 class=\"elementor-heading-title elementor-size-default\">Results<\/h1>\t\t\t\t<\/div>\n\t\t\t\t<div class=\"elementor-element elementor-element-c879e3b elementor-widget elementor-widget-html\" data-id=\"c879e3b\" data-element_type=\"widget\" data-e-type=\"widget\" data-widget_type=\"html.default\">\n\t\t\t\t\t<iframe class=\"iframe_course\" src=\"https:\/\/www.tissottiming.com\/2025\/tdr?cis=true\" width=\"100%\" height=\"800\" ><\/iframe>\t\t\t\t<\/div>\n\t\t\t\t\t<\/div>\n\t\t\t\t<\/div>\n\t\t\t\t<\/div>","protected":false},"excerpt":{"rendered":"<p>Results<\/p>","protected":false},"author":1,"featured_media":0,"parent":0,"menu_order":0,"comment_status":"closed","ping_status":"closed","template":"","meta":{"_acf_changed":false,"footnotes":""},"class_list":["post-3448","page","type-page","status-publish","hentry"],"acf":[],"yoast_head":"<!-- This site is optimized with the Yoast SEO plugin v27.3 - https:\/\/yoast.com\/product\/yoast-seo-wordpress\/ -->\n<title>R\u00e9sultats TdR<\/title>\n<meta name=\"description\" content=\"Le Tour de Romandie F\u00e9minin (TDRF) a \u00e9t\u00e9 cr\u00e9\u00e9 dans le cadre des festivit\u00e9s des 75 ans du Tour de Romandie.\" \/>\n<meta name=\"robots\" content=\"index, follow, max-snippet:-1, max-image-preview:large, max-video-preview:-1\" \/>\n<link rel=\"canonical\" href=\"https:\/\/www.tourderomandie.ch\/en\/results\/\" \/>\n<meta property=\"og:locale\" content=\"en_US\" \/>\n<meta property=\"og:type\" content=\"article\" \/>\n<meta property=\"og:title\" content=\"R\u00e9sultats TdR\" \/>\n<meta property=\"og:description\" content=\"Le Tour de Romandie F\u00e9minin (TDRF) a \u00e9t\u00e9 cr\u00e9\u00e9 dans le cadre des festivit\u00e9s des 75 ans du Tour de Romandie.\" \/>\n<meta property=\"og:url\" content=\"https:\/\/www.tourderomandie.ch\/en\/results\/\" \/>\n<meta property=\"og:site_name\" content=\"TdR\" \/>\n<meta property=\"article:publisher\" content=\"https:\/\/www.facebook.com\/tourderomandie\" \/>\n<meta property=\"article:modified_time\" content=\"2025-05-16T07:10:41+00:00\" \/>\n<meta name=\"twitter:card\" content=\"summary_large_image\" \/>\n<meta name=\"twitter:site\" content=\"@TourDeRomandie\" \/>\n<meta name=\"twitter:label1\" content=\"Est. reading time\" \/>\n\t<meta name=\"twitter:data1\" content=\"1 minute\" \/>\n<script type=\"application\/ld+json\" class=\"yoast-schema-graph\">{\"@context\":\"https:\\\/\\\/schema.org\",\"@graph\":[{\"@type\":\"WebPage\",\"@id\":\"https:\\\/\\\/www.tourderomandie.ch\\\/en\\\/resultats\\\/\",\"url\":\"https:\\\/\\\/www.tourderomandie.ch\\\/en\\\/resultats\\\/\",\"name\":\"R\u00e9sultats TdR\",\"isPartOf\":{\"@id\":\"https:\\\/\\\/www.tourderomandie.ch\\\/en\\\/#website\"},\"datePublished\":\"2024-09-13T15:01:09+00:00\",\"dateModified\":\"2025-05-16T07:10:41+00:00\",\"description\":\"Le Tour de Romandie F\u00e9minin (TDRF) a \u00e9t\u00e9 cr\u00e9\u00e9 dans le cadre des festivit\u00e9s des 75 ans du Tour de Romandie.\",\"breadcrumb\":{\"@id\":\"https:\\\/\\\/www.tourderomandie.ch\\\/en\\\/resultats\\\/#breadcrumb\"},\"inLanguage\":\"en-US\",\"potentialAction\":[{\"@type\":\"ReadAction\",\"target\":[\"https:\\\/\\\/www.tourderomandie.ch\\\/en\\\/resultats\\\/\"]}]},{\"@type\":\"BreadcrumbList\",\"@id\":\"https:\\\/\\\/www.tourderomandie.ch\\\/en\\\/resultats\\\/#breadcrumb\",\"itemListElement\":[{\"@type\":\"ListItem\",\"position\":1,\"name\":\"Accueil\",\"item\":\"https:\\\/\\\/www.tourderomandie.ch\\\/en\\\/\"},{\"@type\":\"ListItem\",\"position\":2,\"name\":\"R\u00e9sultats\"}]},{\"@type\":\"WebSite\",\"@id\":\"https:\\\/\\\/www.tourderomandie.ch\\\/en\\\/#website\",\"url\":\"https:\\\/\\\/www.tourderomandie.ch\\\/en\\\/\",\"name\":\"Tour de Romandie\",\"description\":\"Tour de Romandie | du 28 avril au 03 mai 2026\",\"publisher\":{\"@id\":\"https:\\\/\\\/www.tourderomandie.ch\\\/en\\\/#organization\"},\"potentialAction\":[{\"@type\":\"SearchAction\",\"target\":{\"@type\":\"EntryPoint\",\"urlTemplate\":\"https:\\\/\\\/www.tourderomandie.ch\\\/en\\\/?s={search_term_string}\"},\"query-input\":{\"@type\":\"PropertyValueSpecification\",\"valueRequired\":true,\"valueName\":\"search_term_string\"}}],\"inLanguage\":\"en-US\"},{\"@type\":\"Organization\",\"@id\":\"https:\\\/\\\/www.tourderomandie.ch\\\/en\\\/#organization\",\"name\":\"Tour de Romandie\",\"url\":\"https:\\\/\\\/www.tourderomandie.ch\\\/en\\\/\",\"logo\":{\"@type\":\"ImageObject\",\"inLanguage\":\"en-US\",\"@id\":\"https:\\\/\\\/www.tourderomandie.ch\\\/en\\\/#\\\/schema\\\/logo\\\/image\\\/\",\"url\":\"https:\\\/\\\/www.tourderomandie.ch\\\/wp-content\\\/uploads\\\/2024\\\/07\\\/logo-tdr-2x-min-2.png\",\"contentUrl\":\"https:\\\/\\\/www.tourderomandie.ch\\\/wp-content\\\/uploads\\\/2024\\\/07\\\/logo-tdr-2x-min-2.png\",\"width\":354,\"height\":110,\"caption\":\"Tour de Romandie\"},\"image\":{\"@id\":\"https:\\\/\\\/www.tourderomandie.ch\\\/en\\\/#\\\/schema\\\/logo\\\/image\\\/\"},\"sameAs\":[\"https:\\\/\\\/www.facebook.com\\\/tourderomandie\",\"https:\\\/\\\/x.com\\\/TourDeRomandie\",\"https:\\\/\\\/www.linkedin.com\\\/company\\\/tour-de-romandie\\\/\",\"https:\\\/\\\/www.instagram.com\\\/tourderomandie\\\/\",\"https:\\\/\\\/www.flickr.com\\\/photos\\\/149217298@N06\\\/\"]}]}<\/script>\n<!-- \/ Yoast SEO plugin. -->","yoast_head_json":{"title":"R\u00e9sultats TdR","description":"The Tour de Romandie F\u00e9minin (TDRF) was created to mark the 75th anniversary of the Tour de Romandie.","robots":{"index":"index","follow":"follow","max-snippet":"max-snippet:-1","max-image-preview":"max-image-preview:large","max-video-preview":"max-video-preview:-1"},"canonical":"https:\/\/www.tourderomandie.ch\/en\/results\/","og_locale":"en_US","og_type":"article","og_title":"R\u00e9sultats TdR","og_description":"Le Tour de Romandie F\u00e9minin (TDRF) a \u00e9t\u00e9 cr\u00e9\u00e9 dans le cadre des festivit\u00e9s des 75 ans du Tour de Romandie.","og_url":"https:\/\/www.tourderomandie.ch\/en\/results\/","og_site_name":"TdR","article_publisher":"https:\/\/www.facebook.com\/tourderomandie","article_modified_time":"2025-05-16T07:10:41+00:00","twitter_card":"summary_large_image","twitter_site":"@TourDeRomandie","twitter_misc":{"Est. reading time":"1 minute"},"schema":{"@context":"https:\/\/schema.org","@graph":[{"@type":"WebPage","@id":"https:\/\/www.tourderomandie.ch\/en\/resultats\/","url":"https:\/\/www.tourderomandie.ch\/en\/resultats\/","name":"R\u00e9sultats TdR","isPartOf":{"@id":"https:\/\/www.tourderomandie.ch\/en\/#website"},"datePublished":"2024-09-13T15:01:09+00:00","dateModified":"2025-05-16T07:10:41+00:00","description":"The Tour de Romandie F\u00e9minin (TDRF) was created to mark the 75th anniversary of the Tour de Romandie.","breadcrumb":{"@id":"https:\/\/www.tourderomandie.ch\/en\/resultats\/#breadcrumb"},"inLanguage":"en-US","potentialAction":[{"@type":"ReadAction","target":["https:\/\/www.tourderomandie.ch\/en\/resultats\/"]}]},{"@type":"BreadcrumbList","@id":"https:\/\/www.tourderomandie.ch\/en\/resultats\/#breadcrumb","itemListElement":[{"@type":"ListItem","position":1,"name":"Accueil","item":"https:\/\/www.tourderomandie.ch\/en\/"},{"@type":"ListItem","position":2,"name":"R\u00e9sultats"}]},{"@type":"WebSite","@id":"https:\/\/www.tourderomandie.ch\/en\/#website","url":"https:\/\/www.tourderomandie.ch\/en\/","name":"Tour de Romandie","description":"Tour de Romandie | April 28 to May 3, 2026","publisher":{"@id":"https:\/\/www.tourderomandie.ch\/en\/#organization"},"potentialAction":[{"@type":"SearchAction","target":{"@type":"EntryPoint","urlTemplate":"https:\/\/www.tourderomandie.ch\/en\/?s={search_term_string}"},"query-input":{"@type":"PropertyValueSpecification","valueRequired":true,"valueName":"search_term_string"}}],"inLanguage":"en-US"},{"@type":"Organization","@id":"https:\/\/www.tourderomandie.ch\/en\/#organization","name":"Tour de Romandie","url":"https:\/\/www.tourderomandie.ch\/en\/","logo":{"@type":"ImageObject","inLanguage":"en-US","@id":"https:\/\/www.tourderomandie.ch\/en\/#\/schema\/logo\/image\/","url":"https:\/\/www.tourderomandie.ch\/wp-content\/uploads\/2024\/07\/logo-tdr-2x-min-2.png","contentUrl":"https:\/\/www.tourderomandie.ch\/wp-content\/uploads\/2024\/07\/logo-tdr-2x-min-2.png","width":354,"height":110,"caption":"Tour de Romandie"},"image":{"@id":"https:\/\/www.tourderomandie.ch\/en\/#\/schema\/logo\/image\/"},"sameAs":["https:\/\/www.facebook.com\/tourderomandie","https:\/\/x.com\/TourDeRomandie","https:\/\/www.linkedin.com\/company\/tour-de-romandie\/","https:\/\/www.instagram.com\/tourderomandie\/","https:\/\/www.flickr.com\/photos\/149217298@N06\/"]}]}},"_links":{"self":[{"href":"https:\/\/www.tourderomandie.ch\/en\/wp-json\/wp\/v2\/pages\/3448","targetHints":{"allow":["GET"]}}],"collection":[{"href":"https:\/\/www.tourderomandie.ch\/en\/wp-json\/wp\/v2\/pages"}],"about":[{"href":"https:\/\/www.tourderomandie.ch\/en\/wp-json\/wp\/v2\/types\/page"}],"author":[{"embeddable":true,"href":"https:\/\/www.tourderomandie.ch\/en\/wp-json\/wp\/v2\/users\/1"}],"replies":[{"embeddable":true,"href":"https:\/\/www.tourderomandie.ch\/en\/wp-json\/wp\/v2\/comments?post=3448"}],"version-history":[{"count":14,"href":"https:\/\/www.tourderomandie.ch\/en\/wp-json\/wp\/v2\/pages\/3448\/revisions"}],"predecessor-version":[{"id":7537,"href":"https:\/\/www.tourderomandie.ch\/en\/wp-json\/wp\/v2\/pages\/3448\/revisions\/7537"}],"wp:attachment":[{"href":"https:\/\/www.tourderomandie.ch\/en\/wp-json\/wp\/v2\/media?parent=3448"}],"curies":[{"name":"wp","href":"https:\/\/api.w.org\/{rel}","templated":true}]}}