{"id":363,"date":"2024-08-02T10:42:03","date_gmt":"2024-08-02T08:42:03","guid":{"rendered":"https:\/\/tourderomandie.ch\/?page_id=363"},"modified":"2024-12-12T11:33:53","modified_gmt":"2024-12-12T09:33:53","slug":"graphic-charter","status":"publish","type":"page","link":"https:\/\/www.tourderomandie.ch\/en\/charte-graphique\/","title":{"rendered":"Style Guide"},"content":{"rendered":"<div data-elementor-type=\"wp-page\" data-elementor-id=\"363\" class=\"elementor elementor-363\" data-elementor-post-type=\"page\">\n\t\t\t\t<div class=\"elementor-element elementor-element-da3b16d e-flex e-con-boxed e-con e-parent\" data-id=\"da3b16d\" data-element_type=\"container\" data-e-type=\"container\" data-settings=\"{&quot;background_background&quot;:&quot;classic&quot;}\">\n\t\t\t\t\t<div class=\"e-con-inner\">\n\t\t\t\t<div class=\"elementor-element elementor-element-0fa9022 txt_gradient elementor-widget elementor-widget-heading\" data-id=\"0fa9022\" data-element_type=\"widget\" data-e-type=\"widget\" data-widget_type=\"heading.default\">\n\t\t\t\t\t<h1 class=\"elementor-heading-title elementor-size-default\">Style Guide<\/h1>\t\t\t\t<\/div>\n\t\t\t\t<div class=\"elementor-element elementor-element-bbe0781 elementor-widget elementor-widget-heading\" data-id=\"bbe0781\" data-element_type=\"widget\" data-e-type=\"widget\" data-widget_type=\"heading.default\">\n\t\t\t\t\t<h2 class=\"elementor-heading-title elementor-size-default\">Any use of the Tour de Romandie logo must have our endorsement. The different elements may be downloaded below:\n<\/h2>\t\t\t\t<\/div>\n\t\t\t\t<div class=\"elementor-element elementor-element-7699931 elementor-widget elementor-widget-spacer\" data-id=\"7699931\" data-element_type=\"widget\" data-e-type=\"widget\" data-widget_type=\"spacer.default\">\n\t\t\t\t\t\t\t<div class=\"elementor-spacer\">\n\t\t\t<div class=\"elementor-spacer-inner\"><\/div>\n\t\t<\/div>\n\t\t\t\t\t\t<\/div>\n\t\t<div class=\"elementor-element elementor-element-1824d5c e-con-full e-flex e-con e-child\" data-id=\"1824d5c\" data-element_type=\"container\" data-e-type=\"container\">\n\t\t<div class=\"elementor-element elementor-element-4fc6246 e-con-full e-flex e-con e-child\" data-id=\"4fc6246\" data-element_type=\"container\" data-e-type=\"container\">\n\t\t\t\t<div class=\"elementor-element elementor-element-c382f9c elementor-widget elementor-widget-image\" data-id=\"c382f9c\" data-element_type=\"widget\" data-e-type=\"widget\" data-widget_type=\"image.default\">\n\t\t\t\t\t\t\t\t\t\t\t\t\t\t\t\t<a href=\"https:\/\/tourderomandie.ch\/wp-content\/uploads\/2024\/11\/logo-tdr.jpg\">\n\t\t\t\t\t\t\t<img fetchpriority=\"high\" decoding=\"async\" width=\"660\" height=\"236\" src=\"https:\/\/www.tourderomandie.ch\/wp-content\/uploads\/2024\/11\/logo-tdr.jpg\" class=\"attachment-large size-large wp-image-3810\" alt=\"\" \/>\t\t\t\t\t\t\t\t<\/a>\n\t\t\t\t\t\t\t\t\t\t\t\t\t\t\t<\/div>\n\t\t\t\t<\/div>\n\t\t<div class=\"elementor-element elementor-element-753176b e-con-full e-flex e-con e-child\" data-id=\"753176b\" data-element_type=\"container\" data-e-type=\"container\">\n\t\t\t\t<div class=\"elementor-element elementor-element-7755a5c elementor-widget elementor-widget-image\" data-id=\"7755a5c\" data-element_type=\"widget\" data-e-type=\"widget\" data-widget_type=\"image.default\">\n\t\t\t\t\t\t\t\t\t\t\t\t\t\t\t\t<a href=\"https:\/\/tourderomandie.ch\/wp-content\/uploads\/2024\/11\/LOGO_tdr_-3.jpg\">\n\t\t\t\t\t\t\t<img decoding=\"async\" width=\"800\" height=\"249\" src=\"https:\/\/www.tourderomandie.ch\/wp-content\/uploads\/2024\/11\/LOGO_tdr_-3-1024x319.jpg\" class=\"attachment-large size-large wp-image-3811\" alt=\"\" \/>\t\t\t\t\t\t\t\t<\/a>\n\t\t\t\t\t\t\t\t\t\t\t\t\t\t\t<\/div>\n\t\t\t\t<\/div>\n\t\t<div class=\"elementor-element elementor-element-dc923fa e-con-full e-flex e-con e-child\" data-id=\"dc923fa\" data-element_type=\"container\" data-e-type=\"container\">\n\t\t\t\t<div class=\"elementor-element elementor-element-eceafb0 elementor-widget elementor-widget-image\" data-id=\"eceafb0\" data-element_type=\"widget\" data-e-type=\"widget\" data-widget_type=\"image.default\">\n\t\t\t\t\t\t\t\t\t\t\t\t\t\t\t\t<a href=\"https:\/\/tourderomandie.ch\/wp-content\/uploads\/2024\/11\/tdr-black.jpg\">\n\t\t\t\t\t\t\t<img decoding=\"async\" width=\"660\" height=\"236\" src=\"https:\/\/www.tourderomandie.ch\/wp-content\/uploads\/2024\/11\/tdr-black.jpg\" class=\"attachment-large size-large wp-image-3812\" alt=\"\" \/>\t\t\t\t\t\t\t\t<\/a>\n\t\t\t\t\t\t\t\t\t\t\t\t\t\t\t<\/div>\n\t\t\t\t<\/div>\n\t\t<div class=\"elementor-element elementor-element-4dc6919 e-con-full e-flex e-con e-child\" data-id=\"4dc6919\" data-element_type=\"container\" data-e-type=\"container\">\n\t\t\t\t<div class=\"elementor-element elementor-element-0bc8494 elementor-widget elementor-widget-image\" data-id=\"0bc8494\" data-element_type=\"widget\" data-e-type=\"widget\" data-widget_type=\"image.default\">\n\t\t\t\t\t\t\t\t\t\t\t\t\t\t\t\t<a href=\"https:\/\/tourderomandie.ch\/wp-content\/uploads\/2024\/11\/LOGO_tdr_-2.jpg\">\n\t\t\t\t\t\t\t<img loading=\"lazy\" decoding=\"async\" width=\"800\" height=\"249\" src=\"https:\/\/www.tourderomandie.ch\/wp-content\/uploads\/2024\/11\/LOGO_tdr_-2-1024x319.jpg\" class=\"attachment-large size-large wp-image-3813\" alt=\"\" \/>\t\t\t\t\t\t\t\t<\/a>\n\t\t\t\t\t\t\t\t\t\t\t\t\t\t\t<\/div>\n\t\t\t\t<\/div>\n\t\t\t\t<\/div>\n\t\t\t\t<div class=\"elementor-element elementor-element-ada40e5 elementor-widget elementor-widget-spacer\" data-id=\"ada40e5\" data-element_type=\"widget\" data-e-type=\"widget\" data-widget_type=\"spacer.default\">\n\t\t\t\t\t\t\t<div class=\"elementor-spacer\">\n\t\t\t<div class=\"elementor-spacer-inner\"><\/div>\n\t\t<\/div>\n\t\t\t\t\t\t<\/div>\n\t\t\t\t\t<\/div>\n\t\t\t\t<\/div>\n\t\t<div class=\"elementor-element elementor-element-95169ab e-flex e-con-boxed e-con e-parent\" data-id=\"95169ab\" data-element_type=\"container\" data-e-type=\"container\" data-settings=\"{&quot;background_background&quot;:&quot;classic&quot;}\">\n\t\t\t\t\t<div class=\"e-con-inner\">\n\t\t<div class=\"elementor-element elementor-element-e151695 e-con-full e-flex e-con e-child\" data-id=\"e151695\" data-element_type=\"container\" data-e-type=\"container\">\n\t\t\t\t<div class=\"elementor-element elementor-element-c03a3cf line_gradient elementor-widget-divider--view-line elementor-widget elementor-widget-divider\" data-id=\"c03a3cf\" data-element_type=\"widget\" data-e-type=\"widget\" data-widget_type=\"divider.default\">\n\t\t\t\t\t\t\t<div class=\"elementor-divider\">\n\t\t\t<span class=\"elementor-divider-separator\">\n\t\t\t\t\t\t<\/span>\n\t\t<\/div>\n\t\t\t\t\t\t<\/div>\n\t\t\t\t<\/div>\n\t\t\t\t\t<\/div>\n\t\t\t\t<\/div>\n\t\t<div class=\"elementor-element elementor-element-2c74b1c e-flex e-con-boxed e-con e-parent\" data-id=\"2c74b1c\" data-element_type=\"container\" data-e-type=\"container\">\n\t\t\t\t\t<div class=\"e-con-inner\">\n\t\t\t\t<div class=\"elementor-element elementor-element-61b16d3 elementor-widget elementor-widget-heading\" data-id=\"61b16d3\" data-element_type=\"widget\" data-e-type=\"widget\" data-widget_type=\"heading.default\">\n\t\t\t\t\t<h2 class=\"elementor-heading-title elementor-size-default\">Contact us<\/h2>\t\t\t\t<\/div>\n\t\t\t\t<div class=\"elementor-element elementor-element-5cde08d elementor-widget elementor-widget-text-editor\" data-id=\"5cde08d\" data-element_type=\"widget\" data-e-type=\"widget\" data-widget_type=\"text-editor.default\">\n\t\t\t\t\t\t\t\t\t<p class=\"p1\"><span class=\"s1\"><b>info@tourderomandie.ch<\/b><\/span><span class=\"s2\"> Contact us: info@tourderomandie.ch or +41 26 662 13 49 <\/span><span class=\"s1\"><b>+41 26 662 13 49<\/b><\/span><\/p>\t\t\t\t\t\t\t\t<\/div>\n\t\t\t\t\t<\/div>\n\t\t\t\t<\/div>\n\t\t\t\t<\/div>","protected":false},"excerpt":{"rendered":"<p>Charte graphique Toute utilisation du logo Tour de Romandie doit \u00eatre valid\u00e9e par nos soins. Les diff\u00e9rents \u00e9l\u00e9ments peuvent \u00eatre t\u00e9l\u00e9charg\u00e9s ci-dessous : Contactez-nous info@tourderomandie.ch ou +41 26 662 13 49<\/p>","protected":false},"author":1,"featured_media":0,"parent":0,"menu_order":0,"comment_status":"closed","ping_status":"closed","template":"","meta":{"_acf_changed":false,"footnotes":""},"class_list":["post-363","page","type-page","status-publish","hentry"],"acf":[],"yoast_head":"<!-- This site is optimized with the Yoast SEO plugin v27.3 - https:\/\/yoast.com\/product\/yoast-seo-wordpress\/ -->\n<title>Charte graphique - TdR<\/title>\n<meta name=\"description\" content=\"Toute utilisation du logo Tour de Romandie doit \u00eatre valid\u00e9e par nos soins. Les diff\u00e9rents \u00e9l\u00e9ments peuvent \u00eatre t\u00e9l\u00e9charg\u00e9s ici.\" \/>\n<meta name=\"robots\" content=\"index, follow, max-snippet:-1, max-image-preview:large, max-video-preview:-1\" \/>\n<link rel=\"canonical\" href=\"https:\/\/www.tourderomandie.ch\/en\/graphic-charter\/\" \/>\n<meta property=\"og:locale\" content=\"en_US\" \/>\n<meta property=\"og:type\" content=\"article\" \/>\n<meta property=\"og:title\" content=\"Charte graphique - TdR\" \/>\n<meta property=\"og:description\" content=\"Toute utilisation du logo Tour de Romandie doit \u00eatre valid\u00e9e par nos soins. Les diff\u00e9rents \u00e9l\u00e9ments peuvent \u00eatre t\u00e9l\u00e9charg\u00e9s ici.\" \/>\n<meta property=\"og:url\" content=\"https:\/\/www.tourderomandie.ch\/en\/graphic-charter\/\" \/>\n<meta property=\"og:site_name\" content=\"TdR\" \/>\n<meta property=\"article:publisher\" content=\"https:\/\/www.facebook.com\/tourderomandie\" \/>\n<meta property=\"article:modified_time\" content=\"2024-12-12T09:33:53+00:00\" \/>\n<meta property=\"og:image\" content=\"https:\/\/tourderomandie.ch\/wp-content\/uploads\/2024\/11\/logo-tdr.jpg\" \/>\n<meta name=\"twitter:card\" content=\"summary_large_image\" \/>\n<meta name=\"twitter:site\" content=\"@TourDeRomandie\" \/>\n<meta name=\"twitter:label1\" content=\"Est. reading time\" \/>\n\t<meta name=\"twitter:data1\" content=\"1 minute\" \/>\n<script type=\"application\/ld+json\" class=\"yoast-schema-graph\">{\"@context\":\"https:\\\/\\\/schema.org\",\"@graph\":[{\"@type\":\"WebPage\",\"@id\":\"https:\\\/\\\/www.tourderomandie.ch\\\/en\\\/charte-graphique\\\/\",\"url\":\"https:\\\/\\\/www.tourderomandie.ch\\\/en\\\/charte-graphique\\\/\",\"name\":\"Charte graphique - TdR\",\"isPartOf\":{\"@id\":\"https:\\\/\\\/www.tourderomandie.ch\\\/en\\\/#website\"},\"primaryImageOfPage\":{\"@id\":\"https:\\\/\\\/www.tourderomandie.ch\\\/en\\\/charte-graphique\\\/#primaryimage\"},\"image\":{\"@id\":\"https:\\\/\\\/www.tourderomandie.ch\\\/en\\\/charte-graphique\\\/#primaryimage\"},\"thumbnailUrl\":\"https:\\\/\\\/tourderomandie.ch\\\/wp-content\\\/uploads\\\/2024\\\/11\\\/logo-tdr.jpg\",\"datePublished\":\"2024-08-02T08:42:03+00:00\",\"dateModified\":\"2024-12-12T09:33:53+00:00\",\"description\":\"Toute utilisation du logo Tour de Romandie doit \u00eatre valid\u00e9e par nos soins. Les diff\u00e9rents \u00e9l\u00e9ments peuvent \u00eatre t\u00e9l\u00e9charg\u00e9s ici.\",\"breadcrumb\":{\"@id\":\"https:\\\/\\\/www.tourderomandie.ch\\\/en\\\/charte-graphique\\\/#breadcrumb\"},\"inLanguage\":\"en-US\",\"potentialAction\":[{\"@type\":\"ReadAction\",\"target\":[\"https:\\\/\\\/www.tourderomandie.ch\\\/en\\\/charte-graphique\\\/\"]}]},{\"@type\":\"ImageObject\",\"inLanguage\":\"en-US\",\"@id\":\"https:\\\/\\\/www.tourderomandie.ch\\\/en\\\/charte-graphique\\\/#primaryimage\",\"url\":\"https:\\\/\\\/tourderomandie.ch\\\/wp-content\\\/uploads\\\/2024\\\/11\\\/logo-tdr.jpg\",\"contentUrl\":\"https:\\\/\\\/tourderomandie.ch\\\/wp-content\\\/uploads\\\/2024\\\/11\\\/logo-tdr.jpg\"},{\"@type\":\"BreadcrumbList\",\"@id\":\"https:\\\/\\\/www.tourderomandie.ch\\\/en\\\/charte-graphique\\\/#breadcrumb\",\"itemListElement\":[{\"@type\":\"ListItem\",\"position\":1,\"name\":\"Accueil\",\"item\":\"https:\\\/\\\/www.tourderomandie.ch\\\/en\\\/\"},{\"@type\":\"ListItem\",\"position\":2,\"name\":\"Charte graphique\"}]},{\"@type\":\"WebSite\",\"@id\":\"https:\\\/\\\/www.tourderomandie.ch\\\/en\\\/#website\",\"url\":\"https:\\\/\\\/www.tourderomandie.ch\\\/en\\\/\",\"name\":\"Tour de Romandie\",\"description\":\"Tour de Romandie | du 28 avril au 03 mai 2026\",\"publisher\":{\"@id\":\"https:\\\/\\\/www.tourderomandie.ch\\\/en\\\/#organization\"},\"potentialAction\":[{\"@type\":\"SearchAction\",\"target\":{\"@type\":\"EntryPoint\",\"urlTemplate\":\"https:\\\/\\\/www.tourderomandie.ch\\\/en\\\/?s={search_term_string}\"},\"query-input\":{\"@type\":\"PropertyValueSpecification\",\"valueRequired\":true,\"valueName\":\"search_term_string\"}}],\"inLanguage\":\"en-US\"},{\"@type\":\"Organization\",\"@id\":\"https:\\\/\\\/www.tourderomandie.ch\\\/en\\\/#organization\",\"name\":\"Tour de Romandie\",\"url\":\"https:\\\/\\\/www.tourderomandie.ch\\\/en\\\/\",\"logo\":{\"@type\":\"ImageObject\",\"inLanguage\":\"en-US\",\"@id\":\"https:\\\/\\\/www.tourderomandie.ch\\\/en\\\/#\\\/schema\\\/logo\\\/image\\\/\",\"url\":\"https:\\\/\\\/www.tourderomandie.ch\\\/wp-content\\\/uploads\\\/2024\\\/07\\\/logo-tdr-2x-min-2.png\",\"contentUrl\":\"https:\\\/\\\/www.tourderomandie.ch\\\/wp-content\\\/uploads\\\/2024\\\/07\\\/logo-tdr-2x-min-2.png\",\"width\":354,\"height\":110,\"caption\":\"Tour de Romandie\"},\"image\":{\"@id\":\"https:\\\/\\\/www.tourderomandie.ch\\\/en\\\/#\\\/schema\\\/logo\\\/image\\\/\"},\"sameAs\":[\"https:\\\/\\\/www.facebook.com\\\/tourderomandie\",\"https:\\\/\\\/x.com\\\/TourDeRomandie\",\"https:\\\/\\\/www.linkedin.com\\\/company\\\/tour-de-romandie\\\/\",\"https:\\\/\\\/www.instagram.com\\\/tourderomandie\\\/\",\"https:\\\/\\\/www.flickr.com\\\/photos\\\/149217298@N06\\\/\"]}]}<\/script>\n<!-- \/ Yoast SEO plugin. -->","yoast_head_json":{"title":"Graphic","description":"Any use of the Tour de Romandie logo must be approved by us. The various elements can be downloaded here.","robots":{"index":"index","follow":"follow","max-snippet":"max-snippet:-1","max-image-preview":"max-image-preview:large","max-video-preview":"max-video-preview:-1"},"canonical":"https:\/\/www.tourderomandie.ch\/en\/graphic-charter\/","og_locale":"en_US","og_type":"article","og_title":"Charte graphique - TdR","og_description":"Toute utilisation du logo Tour de Romandie doit \u00eatre valid\u00e9e par nos soins. Les diff\u00e9rents \u00e9l\u00e9ments peuvent \u00eatre t\u00e9l\u00e9charg\u00e9s ici.","og_url":"https:\/\/www.tourderomandie.ch\/en\/graphic-charter\/","og_site_name":"TdR","article_publisher":"https:\/\/www.facebook.com\/tourderomandie","article_modified_time":"2024-12-12T09:33:53+00:00","og_image":[{"url":"https:\/\/tourderomandie.ch\/wp-content\/uploads\/2024\/11\/logo-tdr.jpg","type":"","width":"","height":""}],"twitter_card":"summary_large_image","twitter_site":"@TourDeRomandie","twitter_misc":{"Est. reading time":"1 minute"},"schema":{"@context":"https:\/\/schema.org","@graph":[{"@type":"WebPage","@id":"https:\/\/www.tourderomandie.ch\/en\/charte-graphique\/","url":"https:\/\/www.tourderomandie.ch\/en\/charte-graphique\/","name":"Graphic","isPartOf":{"@id":"https:\/\/www.tourderomandie.ch\/en\/#website"},"primaryImageOfPage":{"@id":"https:\/\/www.tourderomandie.ch\/en\/charte-graphique\/#primaryimage"},"image":{"@id":"https:\/\/www.tourderomandie.ch\/en\/charte-graphique\/#primaryimage"},"thumbnailUrl":"https:\/\/tourderomandie.ch\/wp-content\/uploads\/2024\/11\/logo-tdr.jpg","datePublished":"2024-08-02T08:42:03+00:00","dateModified":"2024-12-12T09:33:53+00:00","description":"Any use of the Tour de Romandie logo must be approved by us. The various elements can be downloaded here.","breadcrumb":{"@id":"https:\/\/www.tourderomandie.ch\/en\/charte-graphique\/#breadcrumb"},"inLanguage":"en-US","potentialAction":[{"@type":"ReadAction","target":["https:\/\/www.tourderomandie.ch\/en\/charte-graphique\/"]}]},{"@type":"ImageObject","inLanguage":"en-US","@id":"https:\/\/www.tourderomandie.ch\/en\/charte-graphique\/#primaryimage","url":"https:\/\/tourderomandie.ch\/wp-content\/uploads\/2024\/11\/logo-tdr.jpg","contentUrl":"https:\/\/tourderomandie.ch\/wp-content\/uploads\/2024\/11\/logo-tdr.jpg"},{"@type":"BreadcrumbList","@id":"https:\/\/www.tourderomandie.ch\/en\/charte-graphique\/#breadcrumb","itemListElement":[{"@type":"ListItem","position":1,"name":"Accueil","item":"https:\/\/www.tourderomandie.ch\/en\/"},{"@type":"ListItem","position":2,"name":"Charte graphique"}]},{"@type":"WebSite","@id":"https:\/\/www.tourderomandie.ch\/en\/#website","url":"https:\/\/www.tourderomandie.ch\/en\/","name":"Tour de Romandie","description":"Tour de Romandie | April 28 to May 3, 2026","publisher":{"@id":"https:\/\/www.tourderomandie.ch\/en\/#organization"},"potentialAction":[{"@type":"SearchAction","target":{"@type":"EntryPoint","urlTemplate":"https:\/\/www.tourderomandie.ch\/en\/?s={search_term_string}"},"query-input":{"@type":"PropertyValueSpecification","valueRequired":true,"valueName":"search_term_string"}}],"inLanguage":"en-US"},{"@type":"Organization","@id":"https:\/\/www.tourderomandie.ch\/en\/#organization","name":"Tour de Romandie","url":"https:\/\/www.tourderomandie.ch\/en\/","logo":{"@type":"ImageObject","inLanguage":"en-US","@id":"https:\/\/www.tourderomandie.ch\/en\/#\/schema\/logo\/image\/","url":"https:\/\/www.tourderomandie.ch\/wp-content\/uploads\/2024\/07\/logo-tdr-2x-min-2.png","contentUrl":"https:\/\/www.tourderomandie.ch\/wp-content\/uploads\/2024\/07\/logo-tdr-2x-min-2.png","width":354,"height":110,"caption":"Tour de Romandie"},"image":{"@id":"https:\/\/www.tourderomandie.ch\/en\/#\/schema\/logo\/image\/"},"sameAs":["https:\/\/www.facebook.com\/tourderomandie","https:\/\/x.com\/TourDeRomandie","https:\/\/www.linkedin.com\/company\/tour-de-romandie\/","https:\/\/www.instagram.com\/tourderomandie\/","https:\/\/www.flickr.com\/photos\/149217298@N06\/"]}]}},"_links":{"self":[{"href":"https:\/\/www.tourderomandie.ch\/en\/wp-json\/wp\/v2\/pages\/363","targetHints":{"allow":["GET"]}}],"collection":[{"href":"https:\/\/www.tourderomandie.ch\/en\/wp-json\/wp\/v2\/pages"}],"about":[{"href":"https:\/\/www.tourderomandie.ch\/en\/wp-json\/wp\/v2\/types\/page"}],"author":[{"embeddable":true,"href":"https:\/\/www.tourderomandie.ch\/en\/wp-json\/wp\/v2\/users\/1"}],"replies":[{"embeddable":true,"href":"https:\/\/www.tourderomandie.ch\/en\/wp-json\/wp\/v2\/comments?post=363"}],"version-history":[{"count":30,"href":"https:\/\/www.tourderomandie.ch\/en\/wp-json\/wp\/v2\/pages\/363\/revisions"}],"predecessor-version":[{"id":4769,"href":"https:\/\/www.tourderomandie.ch\/en\/wp-json\/wp\/v2\/pages\/363\/revisions\/4769"}],"wp:attachment":[{"href":"https:\/\/www.tourderomandie.ch\/en\/wp-json\/wp\/v2\/media?parent=363"}],"curies":[{"name":"wp","href":"https:\/\/api.w.org\/{rel}","templated":true}]}}