{"id":444,"date":"2024-08-02T13:59:32","date_gmt":"2024-08-02T11:59:32","guid":{"rendered":"https:\/\/tourderomandie.ch\/?page_id=444"},"modified":"2026-01-28T13:05:49","modified_gmt":"2026-01-28T11:05:49","slug":"leader-jerseys","status":"publish","type":"page","link":"https:\/\/www.tourderomandie.ch\/en\/maillots-de-leaders\/","title":{"rendered":"Leader jerseys"},"content":{"rendered":"<div data-elementor-type=\"wp-page\" data-elementor-id=\"444\" class=\"elementor elementor-444\" data-elementor-post-type=\"page\">\n\t\t\t\t<div class=\"elementor-element elementor-element-da3b16d e-flex e-con-boxed e-con e-parent\" data-id=\"da3b16d\" data-element_type=\"container\" data-e-type=\"container\" data-settings=\"{&quot;background_background&quot;:&quot;classic&quot;}\">\n\t\t\t\t\t<div class=\"e-con-inner\">\n\t\t\t\t<div class=\"elementor-element elementor-element-0fa9022 txt_gradient elementor-widget elementor-widget-heading\" data-id=\"0fa9022\" data-element_type=\"widget\" data-e-type=\"widget\" data-widget_type=\"heading.default\">\n\t\t\t\t\t<h1 class=\"elementor-heading-title elementor-size-default\">Leader jerseys<\/h1>\t\t\t\t<\/div>\n\t\t\t\t\t<\/div>\n\t\t\t\t<\/div>\n\t\t<div class=\"elementor-element elementor-element-c724bf8 e-flex e-con-boxed e-con e-parent\" data-id=\"c724bf8\" data-element_type=\"container\" data-e-type=\"container\">\n\t\t\t\t\t<div class=\"e-con-inner\">\n\t\t<div class=\"elementor-element elementor-element-31e9248 e-con-full e-flex e-con e-child\" data-id=\"31e9248\" data-element_type=\"container\" data-e-type=\"container\">\n\t\t\t\t<div class=\"elementor-element elementor-element-ad2e50a elementor-widget elementor-widget-image\" data-id=\"ad2e50a\" data-element_type=\"widget\" data-e-type=\"widget\" data-widget_type=\"image.default\">\n\t\t\t\t\t\t\t\t\t\t\t\t\t\t\t<img decoding=\"async\" width=\"310\" height=\"96\" src=\"https:\/\/www.tourderomandie.ch\/wp-content\/uploads\/2024\/12\/Logo-Tour_de_Romandie.png\" class=\"attachment-large size-large wp-image-4801\" alt=\"\" \/>\t\t\t\t\t\t\t\t\t\t\t\t\t\t\t<\/div>\n\t\t\t\t<\/div>\n\t\t<div class=\"elementor-element elementor-element-60c1538 e-con-full e-flex e-con e-child\" data-id=\"60c1538\" data-element_type=\"container\" data-e-type=\"container\">\n\t\t\t\t<div class=\"elementor-element elementor-element-9ef8e55 txt_gradient elementor-widget elementor-widget-heading\" data-id=\"9ef8e55\" data-element_type=\"widget\" data-e-type=\"widget\" data-widget_type=\"heading.default\">\n\t\t\t\t\t<h2 class=\"elementor-heading-title elementor-size-default\">Stage winner prize<br \/>\n<\/h2>\t\t\t\t<\/div>\n\t\t\t\t<div class=\"elementor-element elementor-element-415f569 elementor-widget elementor-widget-text-editor\" data-id=\"415f569\" data-element_type=\"widget\" data-e-type=\"widget\" data-widget_type=\"text-editor.default\">\n\t\t\t\t\t\t\t\t\t<p>During the week, the Tour de Romandie will reward six stage winners.<span class=\"Apple-converted-space\">\u00a0<\/span><\/p>\t\t\t\t\t\t\t\t<\/div>\n\t\t\t\t<\/div>\n\t\t\t\t\t<\/div>\n\t\t\t\t<\/div>\n\t\t<div class=\"elementor-element elementor-element-f5b8a73 elementor-hidden-desktop elementor-hidden-laptop elementor-hidden-tablet_extra elementor-hidden-tablet elementor-hidden-mobile_extra elementor-hidden-mobile e-flex e-con-boxed e-con e-parent\" data-id=\"f5b8a73\" data-element_type=\"container\" data-e-type=\"container\">\n\t\t\t\t\t<div class=\"e-con-inner\">\n\t\t<div class=\"elementor-element elementor-element-0d32537 e-con-full e-flex e-con e-child\" data-id=\"0d32537\" data-element_type=\"container\" data-e-type=\"container\">\n\t\t\t\t<div class=\"elementor-element elementor-element-a8856bb elementor-widget elementor-widget-image\" data-id=\"a8856bb\" data-element_type=\"widget\" data-e-type=\"widget\" data-widget_type=\"image.default\">\n\t\t\t\t\t\t\t\t\t\t\t\t\t\t\t<img fetchpriority=\"high\" decoding=\"async\" width=\"1920\" height=\"1920\" src=\"https:\/\/www.tourderomandie.ch\/wp-content\/uploads\/2025\/03\/EV-TOUR-ROMANDIE-25-AMARILLO.jpg\" class=\"attachment-full size-full wp-image-5187\" alt=\"\" \/>\t\t\t\t\t\t\t\t\t\t\t\t\t\t\t<\/div>\n\t\t\t\t<\/div>\n\t\t<div class=\"elementor-element elementor-element-c8b0ead e-con-full e-flex e-con e-child\" data-id=\"c8b0ead\" data-element_type=\"container\" data-e-type=\"container\">\n\t\t\t\t<div class=\"elementor-element elementor-element-a3b6d58 txt_gradient elementor-widget elementor-widget-heading\" data-id=\"a3b6d58\" data-element_type=\"widget\" data-e-type=\"widget\" data-widget_type=\"heading.default\">\n\t\t\t\t\t<h2 class=\"elementor-heading-title elementor-size-default\">General time classification <br \/>\n<\/h2>\t\t\t\t<\/div>\n\t\t\t\t<div class=\"elementor-element elementor-element-802d49d elementor-widget elementor-widget-text-editor\" data-id=\"802d49d\" data-element_type=\"widget\" data-e-type=\"widget\" data-widget_type=\"text-editor.default\">\n\t\t\t\t\t\t\t\t\t<p>The yellow jersey distinguishes the rider best placed in the individual general time classification. This jersey is awarded after each stage to the rider who is leading this classification. The main sponsor of the Tour de Romandie sponsors the leader's jersey.\u00a0<\/p>\t\t\t\t\t\t\t\t<\/div>\n\t\t\t\t<\/div>\n\t\t\t\t\t<\/div>\n\t\t\t\t<\/div>\n\t\t<div class=\"elementor-element elementor-element-ca47c4b e-flex e-con-boxed e-con e-parent\" data-id=\"ca47c4b\" data-element_type=\"container\" data-e-type=\"container\">\n\t\t\t\t\t<div class=\"e-con-inner\">\n\t\t<div class=\"elementor-element elementor-element-bd77c0f e-con-full e-flex e-con e-child\" data-id=\"bd77c0f\" data-element_type=\"container\" data-e-type=\"container\">\n\t\t\t\t<div class=\"elementor-element elementor-element-a7e67b3 elementor-widget__width-initial elementor-widget elementor-widget-image\" data-id=\"a7e67b3\" data-element_type=\"widget\" data-e-type=\"widget\" data-widget_type=\"image.default\">\n\t\t\t\t\t\t\t\t\t\t\t\t\t\t\t<img decoding=\"async\" width=\"590\" height=\"732\" src=\"https:\/\/www.tourderomandie.ch\/wp-content\/uploads\/2026\/01\/Maillot-orange_V3.png\" class=\"attachment-full size-full wp-image-8963\" alt=\"\" \/>\t\t\t\t\t\t\t\t\t\t\t\t\t\t\t<\/div>\n\t\t\t\t<\/div>\n\t\t<div class=\"elementor-element elementor-element-5d92697 e-con-full e-flex e-con e-child\" data-id=\"5d92697\" data-element_type=\"container\" data-e-type=\"container\">\n\t\t\t\t<div class=\"elementor-element elementor-element-3eeca8c txt_gradient elementor-widget elementor-widget-heading\" data-id=\"3eeca8c\" data-element_type=\"widget\" data-e-type=\"widget\" data-widget_type=\"heading.default\">\n\t\t\t\t\t<h2 class=\"elementor-heading-title elementor-size-default\">General points classification <br \/>\n<strong>PlaySport!<\/strong><\/h2>\t\t\t\t<\/div>\n\t\t\t\t<div class=\"elementor-element elementor-element-f7694d2 elementor-widget elementor-widget-text-editor\" data-id=\"f7694d2\" data-element_type=\"widget\" data-e-type=\"widget\" data-widget_type=\"text-editor.default\">\n\t\t\t\t\t\t\t\t\t<p>The orange \u00abJOUEZSPORT!\u00bb jersey of the Loterie Romande is awarded daily to the rider who has accumulated the most points awarded during intermediate sprints during the stage, as well as those at the finish line, thus rewarding the best sprinter.\u00a0<\/p>\t\t\t\t\t\t\t\t<\/div>\n\t\t\t\t<\/div>\n\t\t\t\t\t<\/div>\n\t\t\t\t<\/div>\n\t\t<div class=\"elementor-element elementor-element-c9be298 e-flex e-con-boxed e-con e-parent\" data-id=\"c9be298\" data-element_type=\"container\" data-e-type=\"container\">\n\t\t\t\t\t<div class=\"e-con-inner\">\n\t\t<div class=\"elementor-element elementor-element-9f1d006 e-con-full e-flex e-con e-child\" data-id=\"9f1d006\" data-element_type=\"container\" data-e-type=\"container\">\n\t\t\t\t<div class=\"elementor-element elementor-element-4dd0069 elementor-widget__width-initial elementor-widget elementor-widget-image\" data-id=\"4dd0069\" data-element_type=\"widget\" data-e-type=\"widget\" data-widget_type=\"image.default\">\n\t\t\t\t\t\t\t\t\t\t\t\t\t\t\t<img loading=\"lazy\" decoding=\"async\" width=\"550\" height=\"681\" src=\"https:\/\/www.tourderomandie.ch\/wp-content\/uploads\/2026\/01\/Maillot-bleu_V5.png\" class=\"attachment-full size-full wp-image-8964\" alt=\"\" \/>\t\t\t\t\t\t\t\t\t\t\t\t\t\t\t<\/div>\n\t\t\t\t<\/div>\n\t\t<div class=\"elementor-element elementor-element-1221fee e-con-full e-flex e-con e-child\" data-id=\"1221fee\" data-element_type=\"container\" data-e-type=\"container\">\n\t\t\t\t<div class=\"elementor-element elementor-element-a416848 txt_gradient elementor-widget elementor-widget-heading\" data-id=\"a416848\" data-element_type=\"widget\" data-e-type=\"widget\" data-widget_type=\"heading.default\">\n\t\t\t\t\t<h2 class=\"elementor-heading-title elementor-size-default\">General classification for best climber <br \/>\n<strong>Primeo Energie<\/strong><\/h2>\t\t\t\t<\/div>\n\t\t\t\t<div class=\"elementor-element elementor-element-673f4fa elementor-widget elementor-widget-text-editor\" data-id=\"673f4fa\" data-element_type=\"widget\" data-e-type=\"widget\" data-widget_type=\"text-editor.default\">\n\t\t\t\t\t\t\t\t\t<p>The \u00abPRIMEO ENERGIE\u00bb jersey of the Grand Prix de la Montagne rewards the best climber in the peloton each day, meaning the rider who has accumulated the most points during the Grand Prix de la Montagne passages, which are awarded more or fewer points depending on their difficulty.\u00a0<\/p>\t\t\t\t\t\t\t\t<\/div>\n\t\t\t\t<\/div>\n\t\t\t\t\t<\/div>\n\t\t\t\t<\/div>\n\t\t<div class=\"elementor-element elementor-element-e9bb936 e-flex e-con-boxed e-con e-parent\" data-id=\"e9bb936\" data-element_type=\"container\" data-e-type=\"container\">\n\t\t\t\t\t<div class=\"e-con-inner\">\n\t\t<div class=\"elementor-element elementor-element-b33978e e-con-full e-flex e-con e-child\" data-id=\"b33978e\" data-element_type=\"container\" data-e-type=\"container\">\n\t\t\t\t<div class=\"elementor-element elementor-element-bebb4a9 elementor-widget__width-initial elementor-widget elementor-widget-image\" data-id=\"bebb4a9\" data-element_type=\"widget\" data-e-type=\"widget\" data-widget_type=\"image.default\">\n\t\t\t\t\t\t\t\t\t\t\t\t\t\t\t<img loading=\"lazy\" decoding=\"async\" width=\"593\" height=\"732\" src=\"https:\/\/www.tourderomandie.ch\/wp-content\/uploads\/2026\/01\/Maillot-blanc_V3.png\" class=\"attachment-full size-full wp-image-8965\" alt=\"\" \/>\t\t\t\t\t\t\t\t\t\t\t\t\t\t\t<\/div>\n\t\t\t\t<\/div>\n\t\t<div class=\"elementor-element elementor-element-40c90d1 e-con-full e-flex e-con e-child\" data-id=\"40c90d1\" data-element_type=\"container\" data-e-type=\"container\">\n\t\t\t\t<div class=\"elementor-element elementor-element-21cb996 txt_gradient elementor-widget elementor-widget-heading\" data-id=\"21cb996\" data-element_type=\"widget\" data-e-type=\"widget\" data-widget_type=\"heading.default\">\n\t\t\t\t\t<h2 class=\"elementor-heading-title elementor-size-default\">General classification for best young rider <br \/>\n<strong>Banque du L\u00e9man<\/strong><\/h2>\t\t\t\t<\/div>\n\t\t\t\t<div class=\"elementor-element elementor-element-f836310 elementor-widget elementor-widget-text-editor\" data-id=\"f836310\" data-element_type=\"widget\" data-e-type=\"widget\" data-widget_type=\"text-editor.default\">\n\t\t\t\t\t\t\t\t\t<p>The best young rider classification is reserved for riders under 25 years of age. The highest-ranked among them in the individual general classification by time is the daily leader of the young riders and wears the \u00abBanque du L\u00e9man\u00bb jersey. It's therefore the young rider version of the yellow jersey!\u00a0<\/p>\t\t\t\t\t\t\t\t<\/div>\n\t\t\t\t<\/div>\n\t\t\t\t\t<\/div>\n\t\t\t\t<\/div>\n\t\t<div class=\"elementor-element elementor-element-1a38c9f e-flex e-con-boxed e-con e-parent\" data-id=\"1a38c9f\" data-element_type=\"container\" data-e-type=\"container\">\n\t\t\t\t\t<div class=\"e-con-inner\">\n\t\t<div class=\"elementor-element elementor-element-54d71f5 e-con-full e-flex e-con e-child\" data-id=\"54d71f5\" data-element_type=\"container\" data-e-type=\"container\">\n\t\t\t\t<div class=\"elementor-element elementor-element-172926b elementor-widget elementor-widget-image\" data-id=\"172926b\" data-element_type=\"widget\" data-e-type=\"widget\" data-widget_type=\"image.default\">\n\t\t\t\t\t\t\t\t\t\t\t\t\t\t\t<img loading=\"lazy\" decoding=\"async\" width=\"724\" height=\"768\" src=\"https:\/\/www.tourderomandie.ch\/wp-content\/uploads\/2024\/11\/Dossard-prix-combativite-Chicco-dOro.jpg\" class=\"attachment-full size-full wp-image-4177\" alt=\"\" \/>\t\t\t\t\t\t\t\t\t\t\t\t\t\t\t<\/div>\n\t\t\t\t<\/div>\n\t\t<div class=\"elementor-element elementor-element-a23be3c e-con-full e-flex e-con e-child\" data-id=\"a23be3c\" data-element_type=\"container\" data-e-type=\"container\">\n\t\t\t\t<div class=\"elementor-element elementor-element-0b36fb7 txt_gradient elementor-widget elementor-widget-heading\" data-id=\"0b36fb7\" data-element_type=\"widget\" data-e-type=\"widget\" data-widget_type=\"heading.default\">\n\t\t\t\t\t<h2 class=\"elementor-heading-title elementor-size-default\">Combativity Prize <br \/>\n<strong>Chicco d'Oro<\/strong><\/h2>\t\t\t\t<\/div>\n\t\t\t\t<div class=\"elementor-element elementor-element-cd8b82c elementor-widget elementor-widget-text-editor\" data-id=\"cd8b82c\" data-element_type=\"widget\" data-e-type=\"widget\" data-widget_type=\"text-editor.default\">\n\t\t\t\t\t\t\t\t\t<p>This year, for the first time, the combativity prize will be awarded to the rider who crosses the Chicco d\u2019Oro combativity line, located in the last 25 kilometers of the race, first. Points will also be awarded to the first three cyclists who cross this line after each stage. The super-combativity award will be given on the last day of the Tour by adding up the points obtained during the week.\u00a0<\/p>\t\t\t\t\t\t\t\t<\/div>\n\t\t\t\t<\/div>\n\t\t\t\t\t<\/div>\n\t\t\t\t<\/div>\n\t\t<div class=\"elementor-element elementor-element-7e059b2 e-flex e-con-boxed e-con e-parent\" data-id=\"7e059b2\" data-element_type=\"container\" data-e-type=\"container\">\n\t\t\t\t\t<div class=\"e-con-inner\">\n\t\t<div class=\"elementor-element elementor-element-39eed33 e-con-full e-flex e-con e-child\" data-id=\"39eed33\" data-element_type=\"container\" data-e-type=\"container\">\n\t\t\t\t<div class=\"elementor-element elementor-element-4250520 elementor-widget elementor-widget-image\" data-id=\"4250520\" data-element_type=\"widget\" data-e-type=\"widget\" data-widget_type=\"image.default\">\n\t\t\t\t\t\t\t\t\t\t\t\t\t\t\t<img loading=\"lazy\" decoding=\"async\" width=\"724\" height=\"768\" src=\"https:\/\/www.tourderomandie.ch\/wp-content\/uploads\/2024\/11\/Dossard-meilleur-suisse-RTS.jpg\" class=\"attachment-full size-full wp-image-4178\" alt=\"\" \/>\t\t\t\t\t\t\t\t\t\t\t\t\t\t\t<\/div>\n\t\t\t\t<\/div>\n\t\t<div class=\"elementor-element elementor-element-eec3412 e-con-full e-flex e-con e-child\" data-id=\"eec3412\" data-element_type=\"container\" data-e-type=\"container\">\n\t\t\t\t<div class=\"elementor-element elementor-element-7b223da txt_gradient elementor-widget elementor-widget-heading\" data-id=\"7b223da\" data-element_type=\"widget\" data-e-type=\"widget\" data-widget_type=\"heading.default\">\n\t\t\t\t\t<h2 class=\"elementor-heading-title elementor-size-default\">Prize for the Best Swiss Rider <br \/>\n<strong>RTS <\/strong><\/h2>\t\t\t\t<\/div>\n\t\t\t\t<div class=\"elementor-element elementor-element-949bee0 elementor-widget elementor-widget-text-editor\" data-id=\"949bee0\" data-element_type=\"widget\" data-e-type=\"widget\" data-widget_type=\"text-editor.default\">\n\t\t\t\t\t\t\t\t\t<p>This distinction, created specifically for the Tour de Romandie Men, is reserved for riders of Swiss nationality participating in the event. The first of them on each stage is the daily leader among the Swiss. At the end of the last stage, the first Swiss rider in the general time classification is declared the winner of the best Swiss rider prize.\u00a0<\/p>\t\t\t\t\t\t\t\t<\/div>\n\t\t\t\t<\/div>\n\t\t\t\t\t<\/div>\n\t\t\t\t<\/div>\n\t\t\t\t<\/div>","protected":false},"excerpt":{"rendered":"<p>Maillots de leaders Prix du vainqueur d\u2019\u00e9tape Durant la semaine, Le Tour de Romandie r\u00e9compense 6 vainqueurs d\u2019\u00e9tape.\u00a0 Classement g\u00e9n\u00e9ral au temps Le maillot jaune distingue le coureur le mieux plac\u00e9 au classement g\u00e9n\u00e9ral individuel au temps. Ce maillot est remis apr\u00e8s chaque \u00e9tape au coureur qui occupe la t\u00eate de ce classement. C\u2019est le [&hellip;]<\/p>\n","protected":false},"author":1,"featured_media":4173,"parent":0,"menu_order":0,"comment_status":"closed","ping_status":"closed","template":"","meta":{"_acf_changed":false,"footnotes":""},"class_list":["post-444","page","type-page","status-publish","has-post-thumbnail","hentry"],"acf":[],"yoast_head":"<!-- This site is optimized with the Yoast SEO plugin v27.4 - https:\/\/yoast.com\/product\/yoast-seo-wordpress\/ -->\n<title>Maillots de leaders - TdR<\/title>\n<meta name=\"description\" content=\"Vous trouverez ici les diff\u00e9rents maillots de leaders du Tour de Romandie accompagn\u00e9s de leur signification.\" \/>\n<meta name=\"robots\" content=\"index, follow, max-snippet:-1, max-image-preview:large, max-video-preview:-1\" \/>\n<link rel=\"canonical\" href=\"https:\/\/www.tourderomandie.ch\/en\/leader-jerseys\/\" \/>\n<meta property=\"og:locale\" content=\"en_US\" \/>\n<meta property=\"og:type\" content=\"article\" \/>\n<meta property=\"og:title\" content=\"Maillots de leaders - TdR\" \/>\n<meta property=\"og:description\" content=\"Vous trouverez ici les diff\u00e9rents maillots de leaders du Tour de Romandie accompagn\u00e9s de leur signification.\" \/>\n<meta property=\"og:url\" content=\"https:\/\/www.tourderomandie.ch\/en\/leader-jerseys\/\" \/>\n<meta property=\"og:site_name\" content=\"TdR\" \/>\n<meta property=\"article:publisher\" content=\"https:\/\/www.facebook.com\/tourderomandie\" \/>\n<meta property=\"article:modified_time\" content=\"2026-01-28T11:05:49+00:00\" \/>\n<meta property=\"og:image\" content=\"https:\/\/www.tourderomandie.ch\/wp-content\/uploads\/2024\/11\/Maillot-jaune-Marechal.png\" \/>\n\t<meta property=\"og:image:width\" content=\"600\" \/>\n\t<meta property=\"og:image:height\" content=\"600\" \/>\n\t<meta property=\"og:image:type\" content=\"image\/png\" \/>\n<meta name=\"twitter:card\" content=\"summary_large_image\" \/>\n<meta name=\"twitter:site\" content=\"@TourDeRomandie\" \/>\n<meta name=\"twitter:label1\" content=\"Est. reading time\" \/>\n\t<meta name=\"twitter:data1\" content=\"2 minutes\" \/>\n<script type=\"application\/ld+json\" class=\"yoast-schema-graph\">{\"@context\":\"https:\\\/\\\/schema.org\",\"@graph\":[{\"@type\":\"WebPage\",\"@id\":\"https:\\\/\\\/www.tourderomandie.ch\\\/en\\\/maillots-de-leaders\\\/\",\"url\":\"https:\\\/\\\/www.tourderomandie.ch\\\/en\\\/maillots-de-leaders\\\/\",\"name\":\"Maillots de leaders - TdR\",\"isPartOf\":{\"@id\":\"https:\\\/\\\/www.tourderomandie.ch\\\/en\\\/#website\"},\"primaryImageOfPage\":{\"@id\":\"https:\\\/\\\/www.tourderomandie.ch\\\/en\\\/maillots-de-leaders\\\/#primaryimage\"},\"image\":{\"@id\":\"https:\\\/\\\/www.tourderomandie.ch\\\/en\\\/maillots-de-leaders\\\/#primaryimage\"},\"thumbnailUrl\":\"https:\\\/\\\/www.tourderomandie.ch\\\/wp-content\\\/uploads\\\/2024\\\/11\\\/Maillot-jaune-Marechal.png\",\"datePublished\":\"2024-08-02T11:59:32+00:00\",\"dateModified\":\"2026-01-28T11:05:49+00:00\",\"description\":\"Vous trouverez ici les diff\u00e9rents maillots de leaders du Tour de Romandie accompagn\u00e9s de leur signification.\",\"breadcrumb\":{\"@id\":\"https:\\\/\\\/www.tourderomandie.ch\\\/en\\\/maillots-de-leaders\\\/#breadcrumb\"},\"inLanguage\":\"en-US\",\"potentialAction\":[{\"@type\":\"ReadAction\",\"target\":[\"https:\\\/\\\/www.tourderomandie.ch\\\/en\\\/maillots-de-leaders\\\/\"]}]},{\"@type\":\"ImageObject\",\"inLanguage\":\"en-US\",\"@id\":\"https:\\\/\\\/www.tourderomandie.ch\\\/en\\\/maillots-de-leaders\\\/#primaryimage\",\"url\":\"https:\\\/\\\/www.tourderomandie.ch\\\/wp-content\\\/uploads\\\/2024\\\/11\\\/Maillot-jaune-Marechal.png\",\"contentUrl\":\"https:\\\/\\\/www.tourderomandie.ch\\\/wp-content\\\/uploads\\\/2024\\\/11\\\/Maillot-jaune-Marechal.png\",\"width\":600,\"height\":600},{\"@type\":\"BreadcrumbList\",\"@id\":\"https:\\\/\\\/www.tourderomandie.ch\\\/en\\\/maillots-de-leaders\\\/#breadcrumb\",\"itemListElement\":[{\"@type\":\"ListItem\",\"position\":1,\"name\":\"Accueil\",\"item\":\"https:\\\/\\\/www.tourderomandie.ch\\\/en\\\/\"},{\"@type\":\"ListItem\",\"position\":2,\"name\":\"Maillots de leaders\"}]},{\"@type\":\"WebSite\",\"@id\":\"https:\\\/\\\/www.tourderomandie.ch\\\/en\\\/#website\",\"url\":\"https:\\\/\\\/www.tourderomandie.ch\\\/en\\\/\",\"name\":\"Tour de Romandie\",\"description\":\"Tour de Romandie | du 28 avril au 03 mai 2026\",\"publisher\":{\"@id\":\"https:\\\/\\\/www.tourderomandie.ch\\\/en\\\/#organization\"},\"potentialAction\":[{\"@type\":\"SearchAction\",\"target\":{\"@type\":\"EntryPoint\",\"urlTemplate\":\"https:\\\/\\\/www.tourderomandie.ch\\\/en\\\/?s={search_term_string}\"},\"query-input\":{\"@type\":\"PropertyValueSpecification\",\"valueRequired\":true,\"valueName\":\"search_term_string\"}}],\"inLanguage\":\"en-US\"},{\"@type\":\"Organization\",\"@id\":\"https:\\\/\\\/www.tourderomandie.ch\\\/en\\\/#organization\",\"name\":\"Tour de Romandie\",\"url\":\"https:\\\/\\\/www.tourderomandie.ch\\\/en\\\/\",\"logo\":{\"@type\":\"ImageObject\",\"inLanguage\":\"en-US\",\"@id\":\"https:\\\/\\\/www.tourderomandie.ch\\\/en\\\/#\\\/schema\\\/logo\\\/image\\\/\",\"url\":\"https:\\\/\\\/www.tourderomandie.ch\\\/wp-content\\\/uploads\\\/2024\\\/07\\\/logo-tdr-2x-min-2.png\",\"contentUrl\":\"https:\\\/\\\/www.tourderomandie.ch\\\/wp-content\\\/uploads\\\/2024\\\/07\\\/logo-tdr-2x-min-2.png\",\"width\":354,\"height\":110,\"caption\":\"Tour de Romandie\"},\"image\":{\"@id\":\"https:\\\/\\\/www.tourderomandie.ch\\\/en\\\/#\\\/schema\\\/logo\\\/image\\\/\"},\"sameAs\":[\"https:\\\/\\\/www.facebook.com\\\/tourderomandie\",\"https:\\\/\\\/x.com\\\/TourDeRomandie\",\"https:\\\/\\\/www.linkedin.com\\\/company\\\/tour-de-romandie\\\/\",\"https:\\\/\\\/www.instagram.com\\\/tourderomandie\\\/\",\"https:\\\/\\\/www.flickr.com\\\/photos\\\/149217298@N06\\\/\"]}]}<\/script>\n<!-- \/ Yoast SEO plugin. -->","yoast_head_json":{"title":"Leader Jerseys - Tour de France","description":"Here you'll find the different leaders' jerseys for the Tour de Romandie, along with their meanings.","robots":{"index":"index","follow":"follow","max-snippet":"max-snippet:-1","max-image-preview":"max-image-preview:large","max-video-preview":"max-video-preview:-1"},"canonical":"https:\/\/www.tourderomandie.ch\/en\/leader-jerseys\/","og_locale":"en_US","og_type":"article","og_title":"Maillots de leaders - TdR","og_description":"Vous trouverez ici les diff\u00e9rents maillots de leaders du Tour de Romandie accompagn\u00e9s de leur signification.","og_url":"https:\/\/www.tourderomandie.ch\/en\/leader-jerseys\/","og_site_name":"TdR","article_publisher":"https:\/\/www.facebook.com\/tourderomandie","article_modified_time":"2026-01-28T11:05:49+00:00","og_image":[{"width":600,"height":600,"url":"https:\/\/www.tourderomandie.ch\/wp-content\/uploads\/2024\/11\/Maillot-jaune-Marechal.png","type":"image\/png"}],"twitter_card":"summary_large_image","twitter_site":"@TourDeRomandie","twitter_misc":{"Est. reading time":"2 minutes"},"schema":{"@context":"https:\/\/schema.org","@graph":[{"@type":"WebPage","@id":"https:\/\/www.tourderomandie.ch\/en\/maillots-de-leaders\/","url":"https:\/\/www.tourderomandie.ch\/en\/maillots-de-leaders\/","name":"Leader Jerseys - Tour de France","isPartOf":{"@id":"https:\/\/www.tourderomandie.ch\/en\/#website"},"primaryImageOfPage":{"@id":"https:\/\/www.tourderomandie.ch\/en\/maillots-de-leaders\/#primaryimage"},"image":{"@id":"https:\/\/www.tourderomandie.ch\/en\/maillots-de-leaders\/#primaryimage"},"thumbnailUrl":"https:\/\/www.tourderomandie.ch\/wp-content\/uploads\/2024\/11\/Maillot-jaune-Marechal.png","datePublished":"2024-08-02T11:59:32+00:00","dateModified":"2026-01-28T11:05:49+00:00","description":"Here you'll find the different leaders' jerseys for the Tour de Romandie, along with their meanings.","breadcrumb":{"@id":"https:\/\/www.tourderomandie.ch\/en\/maillots-de-leaders\/#breadcrumb"},"inLanguage":"en-US","potentialAction":[{"@type":"ReadAction","target":["https:\/\/www.tourderomandie.ch\/en\/maillots-de-leaders\/"]}]},{"@type":"ImageObject","inLanguage":"en-US","@id":"https:\/\/www.tourderomandie.ch\/en\/maillots-de-leaders\/#primaryimage","url":"https:\/\/www.tourderomandie.ch\/wp-content\/uploads\/2024\/11\/Maillot-jaune-Marechal.png","contentUrl":"https:\/\/www.tourderomandie.ch\/wp-content\/uploads\/2024\/11\/Maillot-jaune-Marechal.png","width":600,"height":600},{"@type":"BreadcrumbList","@id":"https:\/\/www.tourderomandie.ch\/en\/maillots-de-leaders\/#breadcrumb","itemListElement":[{"@type":"ListItem","position":1,"name":"Accueil","item":"https:\/\/www.tourderomandie.ch\/en\/"},{"@type":"ListItem","position":2,"name":"Maillots de leaders"}]},{"@type":"WebSite","@id":"https:\/\/www.tourderomandie.ch\/en\/#website","url":"https:\/\/www.tourderomandie.ch\/en\/","name":"Tour de Romandie","description":"Tour de Romandie | April 28 to May 3, 2026","publisher":{"@id":"https:\/\/www.tourderomandie.ch\/en\/#organization"},"potentialAction":[{"@type":"SearchAction","target":{"@type":"EntryPoint","urlTemplate":"https:\/\/www.tourderomandie.ch\/en\/?s={search_term_string}"},"query-input":{"@type":"PropertyValueSpecification","valueRequired":true,"valueName":"search_term_string"}}],"inLanguage":"en-US"},{"@type":"Organization","@id":"https:\/\/www.tourderomandie.ch\/en\/#organization","name":"Tour de Romandie","url":"https:\/\/www.tourderomandie.ch\/en\/","logo":{"@type":"ImageObject","inLanguage":"en-US","@id":"https:\/\/www.tourderomandie.ch\/en\/#\/schema\/logo\/image\/","url":"https:\/\/www.tourderomandie.ch\/wp-content\/uploads\/2024\/07\/logo-tdr-2x-min-2.png","contentUrl":"https:\/\/www.tourderomandie.ch\/wp-content\/uploads\/2024\/07\/logo-tdr-2x-min-2.png","width":354,"height":110,"caption":"Tour de Romandie"},"image":{"@id":"https:\/\/www.tourderomandie.ch\/en\/#\/schema\/logo\/image\/"},"sameAs":["https:\/\/www.facebook.com\/tourderomandie","https:\/\/x.com\/TourDeRomandie","https:\/\/www.linkedin.com\/company\/tour-de-romandie\/","https:\/\/www.instagram.com\/tourderomandie\/","https:\/\/www.flickr.com\/photos\/149217298@N06\/"]}]}},"_links":{"self":[{"href":"https:\/\/www.tourderomandie.ch\/en\/wp-json\/wp\/v2\/pages\/444","targetHints":{"allow":["GET"]}}],"collection":[{"href":"https:\/\/www.tourderomandie.ch\/en\/wp-json\/wp\/v2\/pages"}],"about":[{"href":"https:\/\/www.tourderomandie.ch\/en\/wp-json\/wp\/v2\/types\/page"}],"author":[{"embeddable":true,"href":"https:\/\/www.tourderomandie.ch\/en\/wp-json\/wp\/v2\/users\/1"}],"replies":[{"embeddable":true,"href":"https:\/\/www.tourderomandie.ch\/en\/wp-json\/wp\/v2\/comments?post=444"}],"version-history":[{"count":82,"href":"https:\/\/www.tourderomandie.ch\/en\/wp-json\/wp\/v2\/pages\/444\/revisions"}],"predecessor-version":[{"id":9112,"href":"https:\/\/www.tourderomandie.ch\/en\/wp-json\/wp\/v2\/pages\/444\/revisions\/9112"}],"wp:featuredmedia":[{"embeddable":true,"href":"https:\/\/www.tourderomandie.ch\/en\/wp-json\/wp\/v2\/media\/4173"}],"wp:attachment":[{"href":"https:\/\/www.tourderomandie.ch\/en\/wp-json\/wp\/v2\/media?parent=444"}],"curies":[{"name":"wp","href":"https:\/\/api.w.org\/{rel}","templated":true}]}}