{"id":754,"date":"2024-08-02T16:31:09","date_gmt":"2024-08-02T14:31:09","guid":{"rendered":"https:\/\/tourderomandie.ch\/?page_id=754"},"modified":"2026-02-12T17:34:15","modified_gmt":"2026-02-12T15:34:15","slug":"display","status":"publish","type":"page","link":"https:\/\/www.tourderomandie.ch\/en\/affiche\/","title":{"rendered":"Poster"},"content":{"rendered":"<div data-elementor-type=\"wp-page\" data-elementor-id=\"754\" class=\"elementor elementor-754\" data-elementor-post-type=\"page\">\n\t\t\t\t<div class=\"elementor-element elementor-element-da3b16d e-flex e-con-boxed e-con e-parent\" data-id=\"da3b16d\" data-element_type=\"container\" data-e-type=\"container\" data-settings=\"{&quot;background_background&quot;:&quot;classic&quot;}\">\n\t\t\t\t\t<div class=\"e-con-inner\">\n\t\t\t\t<div class=\"elementor-element elementor-element-0fa9022 txt_gradient elementor-widget elementor-widget-heading\" data-id=\"0fa9022\" data-element_type=\"widget\" data-e-type=\"widget\" data-widget_type=\"heading.default\">\n\t\t\t\t\t<h1 class=\"elementor-heading-title elementor-size-default\">Poster<\/h1>\t\t\t\t<\/div>\n\t\t\t\t\t<\/div>\n\t\t\t\t<\/div>\n\t\t<div class=\"elementor-element elementor-element-c724bf8 e-flex e-con-boxed e-con e-parent\" data-id=\"c724bf8\" data-element_type=\"container\" data-e-type=\"container\">\n\t\t\t\t\t<div class=\"e-con-inner\">\n\t\t<div class=\"elementor-element elementor-element-31e9248 e-con-full e-flex e-con e-child\" data-id=\"31e9248\" data-element_type=\"container\" data-e-type=\"container\">\n\t\t<div class=\"elementor-element elementor-element-c8b0ead e-con-full e-flex e-con e-child\" data-id=\"c8b0ead\" data-element_type=\"container\" data-e-type=\"container\">\n\t\t\t\t<div class=\"elementor-element elementor-element-a9a0c51 elementor-position-right elementor-vertical-align-middle elementor-widget elementor-widget-image-box\" data-id=\"a9a0c51\" data-element_type=\"widget\" data-e-type=\"widget\" data-widget_type=\"image-box.default\">\n\t\t\t\t\t<div class=\"elementor-image-box-wrapper\"><figure class=\"elementor-image-box-img\"><a href=\"https:\/\/tourderomandie.ch\/wp-content\/uploads\/2024\/08\/TDRF24_Affiche_A3_2024_HR.png\" target=\"_blank\" tabindex=\"-1\"><img decoding=\"async\" src=\"https:\/\/tourderomandie.ch\/wp-content\/uploads\/2024\/08\/icone-telechargement-3.png\" title=\"\" alt=\"\" loading=\"lazy\" \/><\/a><\/figure><div class=\"elementor-image-box-content\"><h3 class=\"elementor-image-box-title\"><a href=\"https:\/\/tourderomandie.ch\/wp-content\/uploads\/2024\/08\/TDRF24_Affiche_A3_2024_HR.png\" target=\"_blank\">2026<\/a><\/h3><\/div><\/div>\t\t\t\t<\/div>\n\t\t\t\t<\/div>\n\t\t\t\t<div class=\"elementor-element elementor-element-ad2e50a elementor-widget elementor-widget-image\" data-id=\"ad2e50a\" data-element_type=\"widget\" data-e-type=\"widget\" data-widget_type=\"image.default\">\n\t\t\t\t\t\t\t\t\t\t\t\t\t\t\t\t<a href=\"https:\/\/www.tourderomandie.ch\/wp-content\/uploads\/2026\/02\/Affiche_TDR_2026.jpg\" data-elementor-open-lightbox=\"yes\" data-e-action-hash=\"#elementor-action%3Aaction%3Dlightbox%26settings%3DeyJpZCI6OTIxNSwidXJsIjoiaHR0cHM6XC9cL3d3dy50b3VyZGVyb21hbmRpZS5jaFwvd3AtY29udGVudFwvdXBsb2Fkc1wvMjAyNlwvMDJcL0FmZmljaGVfVERSXzIwMjYuanBnIn0%3D\">\n\t\t\t\t\t\t\t<img fetchpriority=\"high\" decoding=\"async\" width=\"724\" height=\"1024\" src=\"https:\/\/www.tourderomandie.ch\/wp-content\/uploads\/2026\/02\/Affiche_TDR_2026-724x1024.jpg\" class=\"attachment-large size-large wp-image-9215\" alt=\"\" \/>\t\t\t\t\t\t\t\t<\/a>\n\t\t\t\t\t\t\t\t\t\t\t\t\t\t\t<\/div>\n\t\t\t\t<div class=\"elementor-element elementor-element-e3107f0 elementor-widget elementor-widget-button\" data-id=\"e3107f0\" data-element_type=\"widget\" data-e-type=\"widget\" data-widget_type=\"button.default\">\n\t\t\t\t\t\t\t\t\t\t<a class=\"elementor-button elementor-button-link elementor-size-sm\" href=\"https:\/\/www.tourderomandie.ch\/wp-content\/uploads\/2026\/02\/Affiche_TDR_2026.pdf\" target=\"_blank\">\n\t\t\t\t\t\t<span class=\"elementor-button-content-wrapper\">\n\t\t\t\t\t\t<span class=\"elementor-button-icon\">\n\t\t\t\t<svg aria-hidden=\"true\" class=\"e-font-icon-svg e-far-file-pdf\" viewbox=\"0 0 384 512\" xmlns=\"http:\/\/www.w3.org\/2000\/svg\"><path d=\"M369.9 97.9L286 14C277 5 264.8-.1 252.1-.1H48C21.5 0 0 21.5 0 48v416c0 26.5 21.5 48 48 48h288c26.5 0 48-21.5 48-48V131.9c0-12.7-5.1-25-14.1-34zM332.1 128H256V51.9l76.1 76.1zM48 464V48h160v104c0 13.3 10.7 24 24 24h104v288H48zm250.2-143.7c-12.2-12-47-8.7-64.4-6.5-17.2-10.5-28.7-25-36.8-46.3 3.9-16.1 10.1-40.6 5.4-56-4.2-26.2-37.8-23.6-42.6-5.9-4.4 16.1-.4 38.5 7 67.1-10 23.9-24.9 56-35.4 74.4-20 10.3-47 26.2-51 46.2-3.3 15.8 26 55.2 76.1-31.2 22.4-7.4 46.8-16.5 68.4-20.1 18.9 10.2 41 17 55.8 17 25.5 0 28-28.2 17.5-38.7zm-198.1 77.8c5.1-13.7 24.5-29.5 30.4-35-19 30.3-30.4 35.7-30.4 35zm81.6-190.6c7.4 0 6.7 32.1 1.8 40.8-4.4-13.9-4.3-40.8-1.8-40.8zm-24.4 136.6c9.7-16.9 18-37 24.7-54.7 8.3 15.1 18.9 27.2 30.1 35.5-20.8 4.3-38.9 13.1-54.8 19.2zm131.6-5s-5 6-37.3-7.8c35.1-2.6 40.9 5.4 37.3 7.8z\"><\/path><\/svg>\t\t\t<\/span>\n\t\t\t\t\t\t\t\t\t<span class=\"elementor-button-text\">Download the PDF<\/span>\n\t\t\t\t\t<\/span>\n\t\t\t\t\t<\/a>\n\t\t\t\t\t\t\t\t<\/div>\n\t\t\t\t<\/div>\n\t\t\t\t\t<\/div>\n\t\t\t\t<\/div>\n\t\t<div class=\"elementor-element elementor-element-ca47c4b e-flex e-con-boxed e-con e-parent\" data-id=\"ca47c4b\" data-element_type=\"container\" data-e-type=\"container\">\n\t\t\t\t\t<div class=\"e-con-inner\">\n\t\t\t\t<div class=\"elementor-element elementor-element-3d8515b line_gradient elementor-widget-divider--view-line elementor-widget elementor-widget-divider\" data-id=\"3d8515b\" data-element_type=\"widget\" data-e-type=\"widget\" data-widget_type=\"divider.default\">\n\t\t\t\t\t\t\t<div class=\"elementor-divider\">\n\t\t\t<span class=\"elementor-divider-separator\">\n\t\t\t\t\t\t<\/span>\n\t\t<\/div>\n\t\t\t\t\t\t<\/div>\n\t\t\t\t\t<\/div>\n\t\t\t\t<\/div>\n\t\t<div class=\"elementor-element elementor-element-c9be298 e-flex e-con-boxed e-con e-parent\" data-id=\"c9be298\" data-element_type=\"container\" data-e-type=\"container\">\n\t\t\t\t\t<div class=\"e-con-inner\">\n\t\t<div class=\"elementor-element elementor-element-903a6d6 e-con-full e-flex e-con e-child\" data-id=\"903a6d6\" data-element_type=\"container\" data-e-type=\"container\">\n\t\t\t\t<div class=\"elementor-element elementor-element-7a8b44f txt_gradient elementor-widget elementor-widget-heading\" data-id=\"7a8b44f\" data-element_type=\"widget\" data-e-type=\"widget\" data-widget_type=\"heading.default\">\n\t\t\t\t\t<p class=\"elementor-heading-title elementor-size-default\"><a href=\"https:\/\/tourderomandie.ch\/wp-content\/uploads\/2024\/08\/Affiche-TDRF-2023.png\" target=\"_blank\">2025<\/a><\/p>\t\t\t\t<\/div>\n\t\t\t\t<div class=\"elementor-element elementor-element-f304775 elementor-widget elementor-widget-image\" data-id=\"f304775\" data-element_type=\"widget\" data-e-type=\"widget\" data-widget_type=\"image.default\">\n\t\t\t\t\t\t\t\t\t\t\t\t\t\t\t<img decoding=\"async\" width=\"724\" height=\"1024\" src=\"https:\/\/www.tourderomandie.ch\/wp-content\/uploads\/2025\/02\/Affiche_TDR_2025_fevrier2025_2-724x1024.jpg\" class=\"attachment-large size-large wp-image-4922\" alt=\"\" \/>\t\t\t\t\t\t\t\t\t\t\t\t\t\t\t<\/div>\n\t\t\t\t<\/div>\n\t\t<div class=\"elementor-element elementor-element-1ebf9ed e-con-full e-flex e-con e-child\" data-id=\"1ebf9ed\" data-element_type=\"container\" data-e-type=\"container\">\n\t\t\t\t<div class=\"elementor-element elementor-element-8544236 txt_gradient elementor-widget elementor-widget-heading\" data-id=\"8544236\" data-element_type=\"widget\" data-e-type=\"widget\" data-widget_type=\"heading.default\">\n\t\t\t\t\t<p class=\"elementor-heading-title elementor-size-default\"><a href=\"https:\/\/tourderomandie.ch\/wp-content\/uploads\/2024\/08\/Affiche-TDRF-2023.png\" target=\"_blank\">2024<\/a><\/p>\t\t\t\t<\/div>\n\t\t\t\t<div class=\"elementor-element elementor-element-f8103d1 elementor-widget elementor-widget-image\" data-id=\"f8103d1\" data-element_type=\"widget\" data-e-type=\"widget\" data-widget_type=\"image.default\">\n\t\t\t\t\t\t\t\t\t\t\t\t\t\t\t<img decoding=\"async\" width=\"730\" height=\"1024\" src=\"https:\/\/www.tourderomandie.ch\/wp-content\/uploads\/2024\/11\/TDR24_Affiche_A5_2024_final_V2_Mini-730x1024-1.jpg\" class=\"attachment-large size-large wp-image-3826\" alt=\"\" \/>\t\t\t\t\t\t\t\t\t\t\t\t\t\t\t<\/div>\n\t\t\t\t<\/div>\n\t\t<div class=\"elementor-element elementor-element-94261e8 e-con-full e-flex e-con e-child\" data-id=\"94261e8\" data-element_type=\"container\" data-e-type=\"container\">\n\t\t\t\t<div class=\"elementor-element elementor-element-3647fc6 txt_gradient elementor-widget elementor-widget-heading\" data-id=\"3647fc6\" data-element_type=\"widget\" data-e-type=\"widget\" data-widget_type=\"heading.default\">\n\t\t\t\t\t<p class=\"elementor-heading-title elementor-size-default\"><a href=\"https:\/\/tourderomandie.ch\/wp-content\/uploads\/2024\/08\/Affiche-TDRF-2023.png\" target=\"_blank\">2023<\/a><\/p>\t\t\t\t<\/div>\n\t\t\t\t<div class=\"elementor-element elementor-element-a41bde0 elementor-widget elementor-widget-image\" data-id=\"a41bde0\" data-element_type=\"widget\" data-e-type=\"widget\" data-widget_type=\"image.default\">\n\t\t\t\t\t\t\t\t\t\t\t\t\t\t\t<img loading=\"lazy\" decoding=\"async\" width=\"724\" height=\"1024\" src=\"https:\/\/www.tourderomandie.ch\/wp-content\/uploads\/2024\/11\/TDR23_Affiche-724x1024.jpg\" class=\"attachment-large size-large wp-image-3827\" alt=\"\" \/>\t\t\t\t\t\t\t\t\t\t\t\t\t\t\t<\/div>\n\t\t\t\t<\/div>\n\t\t<div class=\"elementor-element elementor-element-e91e396 e-con-full e-flex e-con e-child\" data-id=\"e91e396\" data-element_type=\"container\" data-e-type=\"container\">\n\t\t\t\t<div class=\"elementor-element elementor-element-ca05426 txt_gradient elementor-widget elementor-widget-heading\" data-id=\"ca05426\" data-element_type=\"widget\" data-e-type=\"widget\" data-widget_type=\"heading.default\">\n\t\t\t\t\t<p class=\"elementor-heading-title elementor-size-default\"><a href=\"https:\/\/tourderomandie.ch\/wp-content\/uploads\/2024\/08\/Affiche-TdRF-2022-1.png\" target=\"_blank\">2022<\/a><\/p>\t\t\t\t<\/div>\n\t\t\t\t<div class=\"elementor-element elementor-element-39d22ed elementor-widget elementor-widget-image\" data-id=\"39d22ed\" data-element_type=\"widget\" data-e-type=\"widget\" data-widget_type=\"image.default\">\n\t\t\t\t\t\t\t\t\t\t\t\t\t\t\t<img loading=\"lazy\" decoding=\"async\" width=\"724\" height=\"1024\" src=\"https:\/\/www.tourderomandie.ch\/wp-content\/uploads\/2024\/11\/Affiche_TDR_2022-724x1024.jpg\" class=\"attachment-large size-large wp-image-3828\" alt=\"\" \/>\t\t\t\t\t\t\t\t\t\t\t\t\t\t\t<\/div>\n\t\t\t\t<\/div>\n\t\t<div class=\"elementor-element elementor-element-b7a2b48 e-con-full e-flex e-con e-child\" data-id=\"b7a2b48\" data-element_type=\"container\" data-e-type=\"container\">\n\t\t\t\t<div class=\"elementor-element elementor-element-0cf64a8 txt_gradient elementor-widget elementor-widget-heading\" data-id=\"0cf64a8\" data-element_type=\"widget\" data-e-type=\"widget\" data-widget_type=\"heading.default\">\n\t\t\t\t\t<p class=\"elementor-heading-title elementor-size-default\"><a href=\"https:\/\/tourderomandie.ch\/wp-content\/uploads\/2024\/08\/Affiche-TdRF-2022-1.png\" target=\"_blank\">2020<\/a><\/p>\t\t\t\t<\/div>\n\t\t\t\t<div class=\"elementor-element elementor-element-c66ef0f elementor-widget elementor-widget-image\" data-id=\"c66ef0f\" data-element_type=\"widget\" data-e-type=\"widget\" data-widget_type=\"image.default\">\n\t\t\t\t\t\t\t\t\t\t\t\t\t\t\t<img loading=\"lazy\" decoding=\"async\" width=\"482\" height=\"680\" src=\"https:\/\/www.tourderomandie.ch\/wp-content\/uploads\/2024\/11\/tdr-2020-1.jpg\" class=\"attachment-large size-large wp-image-3830\" alt=\"\" \/>\t\t\t\t\t\t\t\t\t\t\t\t\t\t\t<\/div>\n\t\t\t\t<\/div>\n\t\t\t\t\t<\/div>\n\t\t\t\t<\/div>\n\t\t\t\t<\/div>","protected":false},"excerpt":{"rendered":"<p>Affiche 2026 T\u00e9l\u00e9charger le PDF 2025 2024 2023 2022 2020<\/p>","protected":false},"author":1,"featured_media":3976,"parent":0,"menu_order":0,"comment_status":"closed","ping_status":"closed","template":"","meta":{"_acf_changed":false,"footnotes":""},"class_list":["post-754","page","type-page","status-publish","has-post-thumbnail","hentry"],"acf":[],"yoast_head":"<!-- This site is optimized with the Yoast SEO plugin v27.3 - https:\/\/yoast.com\/product\/yoast-seo-wordpress\/ -->\n<title>Affiche - TdR<\/title>\n<meta name=\"description\" content=\"Consultez et t\u00e9l\u00e9chargez l&#039;affiche officielle du Tour de Romandie ainsi que celles des \u00e9ditions pr\u00e9c\u00e9dentes.\" \/>\n<meta name=\"robots\" content=\"index, follow, max-snippet:-1, max-image-preview:large, max-video-preview:-1\" \/>\n<link rel=\"canonical\" href=\"https:\/\/www.tourderomandie.ch\/en\/display\/\" \/>\n<meta property=\"og:locale\" content=\"en_US\" \/>\n<meta property=\"og:type\" content=\"article\" \/>\n<meta property=\"og:title\" content=\"Affiche - TdR\" \/>\n<meta property=\"og:description\" content=\"Consultez et t\u00e9l\u00e9chargez l&#039;affiche officielle du Tour de Romandie ainsi que celles des \u00e9ditions pr\u00e9c\u00e9dentes.\" \/>\n<meta property=\"og:url\" content=\"https:\/\/www.tourderomandie.ch\/en\/display\/\" \/>\n<meta property=\"og:site_name\" content=\"TdR\" \/>\n<meta property=\"article:publisher\" content=\"https:\/\/www.facebook.com\/tourderomandie\" \/>\n<meta property=\"article:modified_time\" content=\"2026-02-12T15:34:15+00:00\" \/>\n<meta property=\"og:image\" content=\"https:\/\/www.tourderomandie.ch\/wp-content\/uploads\/2024\/11\/2023_3-1024x683-1.jpg\" \/>\n\t<meta property=\"og:image:width\" content=\"1024\" \/>\n\t<meta property=\"og:image:height\" content=\"683\" \/>\n\t<meta property=\"og:image:type\" content=\"image\/jpeg\" \/>\n<meta name=\"twitter:card\" content=\"summary_large_image\" \/>\n<meta name=\"twitter:site\" content=\"@TourDeRomandie\" \/>\n<meta name=\"twitter:label1\" content=\"Est. reading time\" \/>\n\t<meta name=\"twitter:data1\" content=\"1 minute\" \/>\n<script type=\"application\/ld+json\" class=\"yoast-schema-graph\">{\"@context\":\"https:\\\/\\\/schema.org\",\"@graph\":[{\"@type\":\"WebPage\",\"@id\":\"https:\\\/\\\/www.tourderomandie.ch\\\/en\\\/affiche\\\/\",\"url\":\"https:\\\/\\\/www.tourderomandie.ch\\\/en\\\/affiche\\\/\",\"name\":\"Affiche - TdR\",\"isPartOf\":{\"@id\":\"https:\\\/\\\/www.tourderomandie.ch\\\/en\\\/#website\"},\"primaryImageOfPage\":{\"@id\":\"https:\\\/\\\/www.tourderomandie.ch\\\/en\\\/affiche\\\/#primaryimage\"},\"image\":{\"@id\":\"https:\\\/\\\/www.tourderomandie.ch\\\/en\\\/affiche\\\/#primaryimage\"},\"thumbnailUrl\":\"https:\\\/\\\/www.tourderomandie.ch\\\/wp-content\\\/uploads\\\/2024\\\/11\\\/2023_3-1024x683-1.jpg\",\"datePublished\":\"2024-08-02T14:31:09+00:00\",\"dateModified\":\"2026-02-12T15:34:15+00:00\",\"description\":\"Consultez et t\u00e9l\u00e9chargez l'affiche officielle du Tour de Romandie ainsi que celles des \u00e9ditions pr\u00e9c\u00e9dentes.\",\"breadcrumb\":{\"@id\":\"https:\\\/\\\/www.tourderomandie.ch\\\/en\\\/affiche\\\/#breadcrumb\"},\"inLanguage\":\"en-US\",\"potentialAction\":[{\"@type\":\"ReadAction\",\"target\":[\"https:\\\/\\\/www.tourderomandie.ch\\\/en\\\/affiche\\\/\"]}]},{\"@type\":\"ImageObject\",\"inLanguage\":\"en-US\",\"@id\":\"https:\\\/\\\/www.tourderomandie.ch\\\/en\\\/affiche\\\/#primaryimage\",\"url\":\"https:\\\/\\\/www.tourderomandie.ch\\\/wp-content\\\/uploads\\\/2024\\\/11\\\/2023_3-1024x683-1.jpg\",\"contentUrl\":\"https:\\\/\\\/www.tourderomandie.ch\\\/wp-content\\\/uploads\\\/2024\\\/11\\\/2023_3-1024x683-1.jpg\",\"width\":1024,\"height\":683},{\"@type\":\"BreadcrumbList\",\"@id\":\"https:\\\/\\\/www.tourderomandie.ch\\\/en\\\/affiche\\\/#breadcrumb\",\"itemListElement\":[{\"@type\":\"ListItem\",\"position\":1,\"name\":\"Accueil\",\"item\":\"https:\\\/\\\/www.tourderomandie.ch\\\/en\\\/\"},{\"@type\":\"ListItem\",\"position\":2,\"name\":\"Affiche\"}]},{\"@type\":\"WebSite\",\"@id\":\"https:\\\/\\\/www.tourderomandie.ch\\\/en\\\/#website\",\"url\":\"https:\\\/\\\/www.tourderomandie.ch\\\/en\\\/\",\"name\":\"Tour de Romandie\",\"description\":\"Tour de Romandie | du 28 avril au 03 mai 2026\",\"publisher\":{\"@id\":\"https:\\\/\\\/www.tourderomandie.ch\\\/en\\\/#organization\"},\"potentialAction\":[{\"@type\":\"SearchAction\",\"target\":{\"@type\":\"EntryPoint\",\"urlTemplate\":\"https:\\\/\\\/www.tourderomandie.ch\\\/en\\\/?s={search_term_string}\"},\"query-input\":{\"@type\":\"PropertyValueSpecification\",\"valueRequired\":true,\"valueName\":\"search_term_string\"}}],\"inLanguage\":\"en-US\"},{\"@type\":\"Organization\",\"@id\":\"https:\\\/\\\/www.tourderomandie.ch\\\/en\\\/#organization\",\"name\":\"Tour de Romandie\",\"url\":\"https:\\\/\\\/www.tourderomandie.ch\\\/en\\\/\",\"logo\":{\"@type\":\"ImageObject\",\"inLanguage\":\"en-US\",\"@id\":\"https:\\\/\\\/www.tourderomandie.ch\\\/en\\\/#\\\/schema\\\/logo\\\/image\\\/\",\"url\":\"https:\\\/\\\/www.tourderomandie.ch\\\/wp-content\\\/uploads\\\/2024\\\/07\\\/logo-tdr-2x-min-2.png\",\"contentUrl\":\"https:\\\/\\\/www.tourderomandie.ch\\\/wp-content\\\/uploads\\\/2024\\\/07\\\/logo-tdr-2x-min-2.png\",\"width\":354,\"height\":110,\"caption\":\"Tour de Romandie\"},\"image\":{\"@id\":\"https:\\\/\\\/www.tourderomandie.ch\\\/en\\\/#\\\/schema\\\/logo\\\/image\\\/\"},\"sameAs\":[\"https:\\\/\\\/www.facebook.com\\\/tourderomandie\",\"https:\\\/\\\/x.com\\\/TourDeRomandie\",\"https:\\\/\\\/www.linkedin.com\\\/company\\\/tour-de-romandie\\\/\",\"https:\\\/\\\/www.instagram.com\\\/tourderomandie\\\/\",\"https:\\\/\\\/www.flickr.com\\\/photos\\\/149217298@N06\\\/\"]}]}<\/script>\n<!-- \/ Yoast SEO plugin. -->","yoast_head_json":{"title":"Display - TdR","description":"View and download the official poster of the Tour de Romandie as well as those from previous editions.","robots":{"index":"index","follow":"follow","max-snippet":"max-snippet:-1","max-image-preview":"max-image-preview:large","max-video-preview":"max-video-preview:-1"},"canonical":"https:\/\/www.tourderomandie.ch\/en\/display\/","og_locale":"en_US","og_type":"article","og_title":"Affiche - TdR","og_description":"Consultez et t\u00e9l\u00e9chargez l'affiche officielle du Tour de Romandie ainsi que celles des \u00e9ditions pr\u00e9c\u00e9dentes.","og_url":"https:\/\/www.tourderomandie.ch\/en\/display\/","og_site_name":"TdR","article_publisher":"https:\/\/www.facebook.com\/tourderomandie","article_modified_time":"2026-02-12T15:34:15+00:00","og_image":[{"width":1024,"height":683,"url":"https:\/\/www.tourderomandie.ch\/wp-content\/uploads\/2024\/11\/2023_3-1024x683-1.jpg","type":"image\/jpeg"}],"twitter_card":"summary_large_image","twitter_site":"@TourDeRomandie","twitter_misc":{"Est. reading time":"1 minute"},"schema":{"@context":"https:\/\/schema.org","@graph":[{"@type":"WebPage","@id":"https:\/\/www.tourderomandie.ch\/en\/affiche\/","url":"https:\/\/www.tourderomandie.ch\/en\/affiche\/","name":"Display - TdR","isPartOf":{"@id":"https:\/\/www.tourderomandie.ch\/en\/#website"},"primaryImageOfPage":{"@id":"https:\/\/www.tourderomandie.ch\/en\/affiche\/#primaryimage"},"image":{"@id":"https:\/\/www.tourderomandie.ch\/en\/affiche\/#primaryimage"},"thumbnailUrl":"https:\/\/www.tourderomandie.ch\/wp-content\/uploads\/2024\/11\/2023_3-1024x683-1.jpg","datePublished":"2024-08-02T14:31:09+00:00","dateModified":"2026-02-12T15:34:15+00:00","description":"View and download the official poster of the Tour de Romandie as well as those from previous editions.","breadcrumb":{"@id":"https:\/\/www.tourderomandie.ch\/en\/affiche\/#breadcrumb"},"inLanguage":"en-US","potentialAction":[{"@type":"ReadAction","target":["https:\/\/www.tourderomandie.ch\/en\/affiche\/"]}]},{"@type":"ImageObject","inLanguage":"en-US","@id":"https:\/\/www.tourderomandie.ch\/en\/affiche\/#primaryimage","url":"https:\/\/www.tourderomandie.ch\/wp-content\/uploads\/2024\/11\/2023_3-1024x683-1.jpg","contentUrl":"https:\/\/www.tourderomandie.ch\/wp-content\/uploads\/2024\/11\/2023_3-1024x683-1.jpg","width":1024,"height":683},{"@type":"BreadcrumbList","@id":"https:\/\/www.tourderomandie.ch\/en\/affiche\/#breadcrumb","itemListElement":[{"@type":"ListItem","position":1,"name":"Accueil","item":"https:\/\/www.tourderomandie.ch\/en\/"},{"@type":"ListItem","position":2,"name":"Affiche"}]},{"@type":"WebSite","@id":"https:\/\/www.tourderomandie.ch\/en\/#website","url":"https:\/\/www.tourderomandie.ch\/en\/","name":"Tour de Romandie","description":"Tour de Romandie | April 28 to May 3, 2026","publisher":{"@id":"https:\/\/www.tourderomandie.ch\/en\/#organization"},"potentialAction":[{"@type":"SearchAction","target":{"@type":"EntryPoint","urlTemplate":"https:\/\/www.tourderomandie.ch\/en\/?s={search_term_string}"},"query-input":{"@type":"PropertyValueSpecification","valueRequired":true,"valueName":"search_term_string"}}],"inLanguage":"en-US"},{"@type":"Organization","@id":"https:\/\/www.tourderomandie.ch\/en\/#organization","name":"Tour de Romandie","url":"https:\/\/www.tourderomandie.ch\/en\/","logo":{"@type":"ImageObject","inLanguage":"en-US","@id":"https:\/\/www.tourderomandie.ch\/en\/#\/schema\/logo\/image\/","url":"https:\/\/www.tourderomandie.ch\/wp-content\/uploads\/2024\/07\/logo-tdr-2x-min-2.png","contentUrl":"https:\/\/www.tourderomandie.ch\/wp-content\/uploads\/2024\/07\/logo-tdr-2x-min-2.png","width":354,"height":110,"caption":"Tour de Romandie"},"image":{"@id":"https:\/\/www.tourderomandie.ch\/en\/#\/schema\/logo\/image\/"},"sameAs":["https:\/\/www.facebook.com\/tourderomandie","https:\/\/x.com\/TourDeRomandie","https:\/\/www.linkedin.com\/company\/tour-de-romandie\/","https:\/\/www.instagram.com\/tourderomandie\/","https:\/\/www.flickr.com\/photos\/149217298@N06\/"]}]}},"_links":{"self":[{"href":"https:\/\/www.tourderomandie.ch\/en\/wp-json\/wp\/v2\/pages\/754","targetHints":{"allow":["GET"]}}],"collection":[{"href":"https:\/\/www.tourderomandie.ch\/en\/wp-json\/wp\/v2\/pages"}],"about":[{"href":"https:\/\/www.tourderomandie.ch\/en\/wp-json\/wp\/v2\/types\/page"}],"author":[{"embeddable":true,"href":"https:\/\/www.tourderomandie.ch\/en\/wp-json\/wp\/v2\/users\/1"}],"replies":[{"embeddable":true,"href":"https:\/\/www.tourderomandie.ch\/en\/wp-json\/wp\/v2\/comments?post=754"}],"version-history":[{"count":49,"href":"https:\/\/www.tourderomandie.ch\/en\/wp-json\/wp\/v2\/pages\/754\/revisions"}],"predecessor-version":[{"id":9225,"href":"https:\/\/www.tourderomandie.ch\/en\/wp-json\/wp\/v2\/pages\/754\/revisions\/9225"}],"wp:featuredmedia":[{"embeddable":true,"href":"https:\/\/www.tourderomandie.ch\/en\/wp-json\/wp\/v2\/media\/3976"}],"wp:attachment":[{"href":"https:\/\/www.tourderomandie.ch\/en\/wp-json\/wp\/v2\/media?parent=754"}],"curies":[{"name":"wp","href":"https:\/\/api.w.org\/{rel}","templated":true}]}}